{"id":77,"date":"2024-11-02T11:25:08","date_gmt":"2024-11-02T10:25:08","guid":{"rendered":"https:\/\/bystrze.org\/?page_id=77"},"modified":"2026-02-24T19:54:19","modified_gmt":"2026-02-24T18:54:19","slug":"komisja-rewizyjna","status":"publish","type":"page","link":"https:\/\/bystrze.org\/index.php\/klub\/komisja-rewizyjna\/","title":{"rendered":"Komisja rewizyjna"},"content":{"rendered":"\n<p>Sk\u0142ad komisji rewizyjnej:<\/p>\n\n\n\n<ul class=\"wp-block-list\">\n<li>Zofia Owsiak<\/li>\n\n\n\n<li>Mateusz Wojdas<\/li>\n\n\n\n<li>Kamila Polita\u0144ska<\/li>\n\n\n\n<li>Izabela Brze\u017ana<\/li>\n<\/ul>\n\n\n\n<p>Kontakt z komisj\u0105 rewizyjn\u0105: <a href=\"mailto:bystrzerewizyjna@googlegroups.com\">komisja.rewizyjna.bystrze@gmail.com<\/a><\/p>\n\n\n\n<p><\/p>\n","protected":false},"excerpt":{"rendered":"<p>Sk\u0142ad komisji rewizyjnej: Kontakt z komisj\u0105 rewizyjn\u0105: komisja.rewizyjna.bystrze@gmail.com<\/p>\n","protected":false},"author":1,"featured_media":0,"parent":39,"menu_order":0,"comment_status":"closed","ping_status":"closed","template":"","meta":{"footnotes":""},"class_list":["post-77","page","type-page","status-publish","hentry"],"_links":{"self":[{"href":"https:\/\/bystrze.org\/index.php\/wp-json\/wp\/v2\/pages\/77","targetHints":{"allow":["GET"]}}],"collection":[{"href":"https:\/\/bystrze.org\/index.php\/wp-json\/wp\/v2\/pages"}],"about":[{"href":"https:\/\/bystrze.org\/index.php\/wp-json\/wp\/v2\/types\/page"}],"author":[{"embeddable":true,"href":"https:\/\/bystrze.org\/index.php\/wp-json\/wp\/v2\/users\/1"}],"replies":[{"embeddable":true,"href":"https:\/\/bystrze.org\/index.php\/wp-json\/wp\/v2\/comments?post=77"}],"version-history":[{"count":3,"href":"https:\/\/bystrze.org\/index.php\/wp-json\/wp\/v2\/pages\/77\/revisions"}],"predecessor-version":[{"id":568,"href":"https:\/\/bystrze.org\/index.php\/wp-json\/wp\/v2\/pages\/77\/revisions\/568"}],"up":[{"embeddable":true,"href":"https:\/\/bystrze.org\/index.php\/wp-json\/wp\/v2\/pages\/39"}],"wp:attachment":[{"href":"https:\/\/bystrze.org\/index.php\/wp-json\/wp\/v2\/media?parent=77"}],"curies":[{"name":"wp","href":"https:\/\/api.w.org\/{rel}","templated":true}]}}