{"id":64,"date":"2024-11-02T11:05:30","date_gmt":"2024-11-02T10:05:30","guid":{"rendered":"http:\/\/serwer207032.lh.pl\/autoinstalator\/serwer207032.lh.pl\/wordpress90791\/?page_id=64"},"modified":"2024-11-02T11:05:30","modified_gmt":"2024-11-02T10:05:30","slug":"linki","status":"publish","type":"page","link":"https:\/\/bystrze.org\/index.php\/linki\/","title":{"rendered":"Linki"},"content":{"rendered":"\n<h2 class=\"wp-block-heading\">Strony Bystrzackie<\/h2>\n\n\n\n<ul class=\"wp-block-list\">\n<li><a href=\"https:\/\/www.facebook.com\/Bystrze\/?fref=ts\" target=\"_blank\" rel=\"noreferrer noopener\">Strona Bystrza na Facebooku<\/a><\/li>\n\n\n\n<li><a href=\"https:\/\/www.facebook.com\/kursbystrze\/?fref=ts\" target=\"_blank\" rel=\"noreferrer noopener\">Strona Kursu<\/a><\/li>\n\n\n\n<li><a href=\"http:\/\/wiki.bystrze.pl\/wiki\/\" target=\"_blank\" rel=\"noreferrer noopener\">Bystrze Wiki<\/a><\/li>\n<\/ul>\n\n\n\n<h2 class=\"wp-block-heading\">Kluby Kajakowe<\/h2>\n\n\n\n<ul class=\"wp-block-list\">\n<li><a href=\"http:\/\/habazie.waw.pl\/\" target=\"_blank\" rel=\"noreferrer noopener\">Warszawski Akademicki Klub Kajakowy \u2013 \u201cHabazie\u201d<\/a><\/li>\n\n\n\n<li><a href=\"http:\/\/www.morzkulc.pg.gda.pl\/\" target=\"_blank\" rel=\"noreferrer noopener\">Studencki Klub Kajakowy \u201cMorzkulc\u201d \u2013 Gda\u0144sk<\/a><\/li>\n\n\n\n<li><a href=\"http:\/\/www.pantarei.org.pl\/\" target=\"_blank\" rel=\"noreferrer noopener\">Akademicki Klub Kajakowy \u201cPanta Rei\u201d Pozna\u0144<\/a><\/li>\n\n\n\n<li><a href=\"http:\/\/pluskon.ps.pl\/\" target=\"_blank\" rel=\"noreferrer noopener\">Akademicki Klubu Turystyki Kajakowej \u201cPluskon\u201d Szczecin<\/a><\/li>\n\n\n\n<li><a href=\"http:\/\/www.zabikruk.pl\/\" target=\"_blank\" rel=\"noreferrer noopener\">Klub Wodny \u201c\u017babi Kruk\u201d Gda\u0144sk<\/a><\/li>\n\n\n\n<li><a href=\"http:\/\/www.wir.zabierzow.pl\/\" target=\"_blank\" rel=\"noreferrer noopener\">Zabierzowski Klub Kajakowy WIR<\/a><\/li>\n\n\n\n<li><a href=\"http:\/\/www.wrotka.pwr.wroc.pl\/\" target=\"_blank\" rel=\"noreferrer noopener\">MKK Wrotka<\/a><\/li>\n<\/ul>\n\n\n\n<h2 class=\"wp-block-heading\">Listy i grupy dyskusyjne<\/h2>\n\n\n\n<ul class=\"wp-block-list\">\n<li><a href=\"http:\/\/lists.iem.pw.edu.pl\/mailman\/listinfo\/bystrze\" target=\"_blank\" rel=\"noreferrer noopener\">[BYSTRZE] \u2013 Lista dyskusyjna AKTK Bystrze<\/a><\/li>\n\n\n\n<li><a href=\"https:\/\/groups.google.com\/d\/forum\/tor-kolna\" target=\"_blank\" rel=\"noreferrer noopener\">[TOR] \u2013 Lista dot. p\u0142ywania na torze kajakowym \u2018Kolna\u2019 w Krakowie<\/a><\/li>\n\n\n\n<li><a href=\"http:\/\/www.iem.pw.edu.pl\/mailman\/listinfo\/wwpl\" target=\"_blank\" rel=\"noreferrer noopener\">[WWPL] \u2013 Lista dyskusyjna mi\u0142osnik\u00f3w kajakarstwa g\u00f3rskiego<\/a><\/li>\n\n\n\n<li><a href=\"http:\/\/www.iem.pw.edu.pl\/mailman\/listinfo\/rodeo\" target=\"_blank\" rel=\"noreferrer noopener\">[Rodeo]- Formalne sprawy zwi\u0105zane z zawodami Rodeo<\/a><\/li>\n\n\n\n<li><a href=\"news:pl.rec.kajaki\" target=\"_blank\" rel=\"noreferrer noopener\">pl.rec.kajaki \u2013 Grupa dyskusyjna (szuwarowo b\u0142otna)<\/a><\/li>\n<\/ul>\n\n\n\n<h2 class=\"wp-block-heading\">Organizacje<\/h2>\n\n\n\n<ul class=\"wp-block-list\">\n<li><a href=\"http:\/\/grupakajaki.pl\/\" target=\"_blank\" rel=\"noreferrer noopener\">http:\/\/grupakajaki.pl<\/a><\/li>\n\n\n\n<li><a href=\"http:\/\/www.niewidzeprzeszkod.pl\/\" target=\"_blank\" rel=\"noreferrer noopener\">http:\/\/www.niewidzeprzeszkod.pl \u2013 Stowarzyszenie Nie Widz\u0119 Przeszk\u00f3d<\/a><\/li>\n\n\n\n<li><a href=\"http:\/\/www.canoandes.com\/\" target=\"_blank\" rel=\"noreferrer noopener\">http:\/\/www.canoandes.com\/ \u2013 Canoandes<\/a><\/li>\n\n\n\n<li><a href=\"http:\/\/kajak.org.pl\/\" target=\"_blank\" rel=\"noreferrer noopener\">kajak.org.pl \u2013 Strona wszystkkich kajakarzy<\/a><\/li>\n\n\n\n<li><a href=\"http:\/\/www.iem.pw.edu.pl\/fakk\/fakk.html\" target=\"_blank\" rel=\"noreferrer noopener\">FAKK \u2013 Federacja Akademickich Klub\u00f3w Kajakowych<\/a><\/li>\n\n\n\n<li><a href=\"http:\/\/www.pzkaj.pl\/\" target=\"_blank\" rel=\"noreferrer noopener\">PZKaj \u2013 Polski Zwi\u0105zek Kajakowy<\/a><\/li>\n<\/ul>\n\n\n\n<h2 class=\"wp-block-heading\">Sklepy ze sprz\u0119tem kajakowym<\/h2>\n\n\n\n<ul class=\"wp-block-list\">\n<li><a href=\"http:\/\/www.prokajak.pl\/\" target=\"_blank\" rel=\"noreferrer noopener\">Prokajak<\/a><\/li>\n\n\n\n<li><a href=\"http:\/\/nurt.com.pl\/\" target=\"_blank\" rel=\"noreferrer noopener\">Nurt<\/a><\/li>\n\n\n\n<li><a href=\"http:\/\/system-k.pl\/\" target=\"_blank\" rel=\"noreferrer noopener\">SYSTEM-K<\/a><\/li>\n<\/ul>\n\n\n\n<h2 class=\"wp-block-heading\">Strony prywatne<\/h2>\n\n\n\n<ul class=\"wp-block-list\">\n<li><a href=\"http:\/\/jstar.kajak.org.pl\/\">kajakowy blog *j<\/a><\/li>\n\n\n\n<li><a href=\"http:\/\/kuba.hankiewicz.pl\/\">Strona Kuby Hankiewicza<\/a><\/li>\n<\/ul>\n\n\n\n<h2 class=\"wp-block-heading\">Inne strony<\/h2>\n\n\n\n<ul class=\"wp-block-list\">\n<li><a href=\"http:\/\/www.krab.agh.edu.pl\/\" target=\"_blank\" rel=\"noreferrer noopener\">Nurkowanie w AKP Krab<\/a><\/li>\n\n\n\n<li><a href=\"http:\/\/kolna.pl\/tor-kajakowy.html\" target=\"_blank\" rel=\"noreferrer noopener\">Tor kajakowy \u2018Kolna\u2019 w Krakowie<\/a><\/li>\n\n\n\n<li><a href=\"http:\/\/www.wietrznice.pl\/\" target=\"_blank\" rel=\"noreferrer noopener\">Tor kajakowy na Wietrznicach<\/a><\/li>\n\n\n\n<li><a href=\"http:\/\/www.totalextreme.pl\/\" target=\"_blank\" rel=\"noreferrer noopener\">Total Extreme<\/a><\/li>\n\n\n\n<li><a href=\"http:\/\/www.imgw.pl\/wl\/internet\/zz\/rzeki\/sytuacja_hydro.html\" target=\"_blank\" rel=\"noreferrer noopener\">IMGW Stany W\u00f3d<\/a><\/li>\n\n\n\n<li><a href=\"http:\/\/playak.com\/\" target=\"_blank\" rel=\"noreferrer noopener\">Playak.com<\/a><\/li>\n\n\n\n<li><a href=\"http:\/\/www.funkayak.org\/\" target=\"_blank\" rel=\"noreferrer noopener\">Funkayak<\/a><\/li>\n<\/ul>\n\n\n\n<p><\/p>\n","protected":false},"excerpt":{"rendered":"<p>Strony Bystrzackie Kluby Kajakowe Listy i grupy dyskusyjne Organizacje Sklepy ze sprz\u0119tem kajakowym Strony prywatne Inne strony<\/p>\n","protected":false},"author":1,"featured_media":0,"parent":0,"menu_order":0,"comment_status":"closed","ping_status":"closed","template":"","meta":{"footnotes":""},"class_list":["post-64","page","type-page","status-publish","hentry"],"_links":{"self":[{"href":"https:\/\/bystrze.org\/index.php\/wp-json\/wp\/v2\/pages\/64","targetHints":{"allow":["GET"]}}],"collection":[{"href":"https:\/\/bystrze.org\/index.php\/wp-json\/wp\/v2\/pages"}],"about":[{"href":"https:\/\/bystrze.org\/index.php\/wp-json\/wp\/v2\/types\/page"}],"author":[{"embeddable":true,"href":"https:\/\/bystrze.org\/index.php\/wp-json\/wp\/v2\/users\/1"}],"replies":[{"embeddable":true,"href":"https:\/\/bystrze.org\/index.php\/wp-json\/wp\/v2\/comments?post=64"}],"version-history":[{"count":1,"href":"https:\/\/bystrze.org\/index.php\/wp-json\/wp\/v2\/pages\/64\/revisions"}],"predecessor-version":[{"id":65,"href":"https:\/\/bystrze.org\/index.php\/wp-json\/wp\/v2\/pages\/64\/revisions\/65"}],"wp:attachment":[{"href":"https:\/\/bystrze.org\/index.php\/wp-json\/wp\/v2\/media?parent=64"}],"curies":[{"name":"wp","href":"https:\/\/api.w.org\/{rel}","templated":true}]}}