{"id":59,"date":"2024-11-02T11:03:43","date_gmt":"2024-11-02T10:03:43","guid":{"rendered":"http:\/\/serwer207032.lh.pl\/autoinstalator\/serwer207032.lh.pl\/wordpress90791\/?page_id=59"},"modified":"2026-02-24T19:55:36","modified_gmt":"2026-02-24T18:55:36","slug":"harmonogram-2025","status":"publish","type":"page","link":"https:\/\/bystrze.org\/index.php\/harmonogram-2025\/","title":{"rendered":"Harmonogram 2026"},"content":{"rendered":"\n<div class=\"wp-block-columns is-layout-flex wp-container-core-columns-is-layout-9d6595d7 wp-block-columns-is-layout-flex\">\n<div class=\"wp-block-column is-layout-flow wp-block-column-is-layout-flow\" style=\"flex-basis:66.66%\">\n<p class=\"has-text-align-center has-vivid-cyan-blue-color has-text-color has-link-color wp-elements-58488169ea0f7e717e1070a9baddae04\"><a href=\"https:\/\/www.facebook.com\/Bystrze\/events\"><strong>\u015aled\u017a nasze wydarzenia na Facebooku!<\/strong><\/a><\/p>\n\n\n\n<div style=\"height:27px\" aria-hidden=\"true\" class=\"wp-block-spacer\"><\/div>\n\n\n\n<p class=\"has-text-align-center has-luminous-vivid-amber-color has-text-color has-link-color has-medium-font-size wp-elements-3f971b7515e87ff8f606934bc49ae3a1\"><strong>HARMONOGRAM 202<\/strong>6<br><\/p>\n\n\n\n<p>09\/16.02 &#8211; spotkanie informacyjne (na obu b\u0119d\u0105 te same informacje)<br><br>23.02 &#8211; Pierwszy wyk\u0142ad &#8211; Sprz\u0119t<\/p>\n\n\n\n<p>09.03 &#8211; Locja<\/p>\n\n\n\n<p>16.03 &#8211; Uraz\u00f3wka<\/p>\n\n\n\n<p>23.03 &#8211; Ratownictwo<\/p>\n\n\n\n<p>20.04 &#8211; Biwakowanie&nbsp;<\/p>\n\n\n\n<p>Baseny:<\/p>\n\n\n\n<p>11\/12.03<\/p>\n\n\n\n<p>18\/19.03<\/p>\n\n\n\n<p>25\/26.03<\/p>\n\n\n\n<p>16.04 &#8211; Wis\u0142a Popo\u0142udniowa<\/p>\n\n\n\n<p>25-26.04 &#8211; Bagry + Wis\u0142a<\/p>\n\n\n\n<p>09-10.05 &#8211; Dunajec&nbsp;<\/p>\n\n\n\n<p>23-24.05 &#8211; Wietrznice&nbsp;<\/p>\n\n\n\n<p>13-14.06 &#8211; Bia\u0142ka&nbsp;<\/p>\n\n\n\n<p><\/p>\n\n\n\n<p><\/p>\n<\/div>\n<\/div>\n\n\n\n<p><\/p>\n","protected":false},"excerpt":{"rendered":"<p>\u015aled\u017a nasze wydarzenia na Facebooku! HARMONOGRAM 2026 09\/16.02 &#8211; spotkanie informacyjne (na obu b\u0119d\u0105 te same informacje) 23.02 &#8211; Pierwszy wyk\u0142ad &#8211; Sprz\u0119t 09.03 &#8211; Locja 16.03 &#8211; Uraz\u00f3wka 23.03 &#8211; Ratownictwo 20.04 &#8211; Biwakowanie&nbsp; Baseny: 11\/12.03 18\/19.03 25\/26.03 16.04<\/p>\n","protected":false},"author":1,"featured_media":0,"parent":0,"menu_order":0,"comment_status":"closed","ping_status":"closed","template":"","meta":{"footnotes":""},"class_list":["post-59","page","type-page","status-publish","hentry"],"_links":{"self":[{"href":"https:\/\/bystrze.org\/index.php\/wp-json\/wp\/v2\/pages\/59","targetHints":{"allow":["GET"]}}],"collection":[{"href":"https:\/\/bystrze.org\/index.php\/wp-json\/wp\/v2\/pages"}],"about":[{"href":"https:\/\/bystrze.org\/index.php\/wp-json\/wp\/v2\/types\/page"}],"author":[{"embeddable":true,"href":"https:\/\/bystrze.org\/index.php\/wp-json\/wp\/v2\/users\/1"}],"replies":[{"embeddable":true,"href":"https:\/\/bystrze.org\/index.php\/wp-json\/wp\/v2\/comments?post=59"}],"version-history":[{"count":16,"href":"https:\/\/bystrze.org\/index.php\/wp-json\/wp\/v2\/pages\/59\/revisions"}],"predecessor-version":[{"id":570,"href":"https:\/\/bystrze.org\/index.php\/wp-json\/wp\/v2\/pages\/59\/revisions\/570"}],"wp:attachment":[{"href":"https:\/\/bystrze.org\/index.php\/wp-json\/wp\/v2\/media?parent=59"}],"curies":[{"name":"wp","href":"https:\/\/api.w.org\/{rel}","templated":true}]}}