{"id":56,"date":"2024-11-02T11:02:53","date_gmt":"2024-11-02T10:02:53","guid":{"rendered":"http:\/\/serwer207032.lh.pl\/autoinstalator\/serwer207032.lh.pl\/wordpress90791\/?page_id=56"},"modified":"2024-11-05T15:43:33","modified_gmt":"2024-11-05T14:43:33","slug":"szkolenia","status":"publish","type":"page","link":"https:\/\/bystrze.org\/index.php\/szkolenia\/","title":{"rendered":"Szkolenia"},"content":{"rendered":"\n<p style=\"font-size:16px\">Poni\u017cej przedstawiamy wybrane szkolenia realizowane przez AKTK &#8222;Bystrze&#8221;:<\/p>\n\n\n\n<div style=\"height:25px\" aria-hidden=\"true\" class=\"wp-block-spacer\"><\/div>\n\n\n\n<p class=\"has-text-align-center has-luminous-vivid-amber-color has-text-color has-link-color has-medium-font-size wp-elements-30a1845f54f68857de5b2206e4a49853\"><strong>KURS KAJAKARSTWA G\u00d3RSKIEGO<\/strong><\/p>\n\n\n\n<figure class=\"wp-block-image size-full\"><img loading=\"lazy\" decoding=\"async\" width=\"800\" height=\"461\" src=\"https:\/\/bystrze.org\/wp-content\/uploads\/2024\/11\/IMG_3290-1.jpeg\" alt=\"\" class=\"wp-image-300\" srcset=\"https:\/\/bystrze.org\/wp-content\/uploads\/2024\/11\/IMG_3290-1.jpeg 800w, https:\/\/bystrze.org\/wp-content\/uploads\/2024\/11\/IMG_3290-1-300x173.jpeg 300w, https:\/\/bystrze.org\/wp-content\/uploads\/2024\/11\/IMG_3290-1-768x443.jpeg 768w\" sizes=\"auto, (max-width: 800px) 100vw, 800px\" \/><\/figure>\n\n\n\n<p class=\"has-text-align-center\" style=\"font-size:16px\">Kurs kajakarstwa g\u00f3rskiego przeznaczony dla pocz\u0105tkuj\u0105cych oferuje kompleksowe wprowadzenie do tej pasji, ucz\u0105c podstawowych technik wios\u0142owania, manewrowania kajakiem i bezpiecze\u0144stwa na wodach g\u00f3rskich. Zaj\u0119cia obejmuj\u0105 zar\u00f3wno teoretyczne, jak i praktyczne aspekty. Pod okiem do\u015bwiadczonych instruktor\u00f3w kursanci stopniowo zdobywaj\u0105 umiej\u0119tno\u015bci niezb\u0119dne do samodzielnego p\u0142ywania po rzekach g\u00f3rskich.<br><br><a href=\"https:\/\/bystrze.org\/index.php\/kurs-kajakarstwa-gorskiego\/\"><strong>Zainteresowany? Tutaj przeczytasz wi\u0119cej na temat KKG!<\/strong><\/a><\/p>\n\n\n\n<div style=\"height:25px\" aria-hidden=\"true\" class=\"wp-block-spacer\"><\/div>\n\n\n\n<p class=\"has-text-align-center has-luminous-vivid-amber-color has-text-color has-link-color has-medium-font-size wp-elements-62fd38893f3c65802e515d5644614711\"><strong>SALZA SZKOLENIOWA<\/strong><\/p>\n\n\n\n<figure class=\"wp-block-image size-full\"><img loading=\"lazy\" decoding=\"async\" width=\"800\" height=\"461\" src=\"https:\/\/bystrze.org\/wp-content\/uploads\/2024\/11\/IMG_5487-1.jpg\" alt=\"\" class=\"wp-image-303\" srcset=\"https:\/\/bystrze.org\/wp-content\/uploads\/2024\/11\/IMG_5487-1.jpg 800w, https:\/\/bystrze.org\/wp-content\/uploads\/2024\/11\/IMG_5487-1-300x173.jpg 300w, https:\/\/bystrze.org\/wp-content\/uploads\/2024\/11\/IMG_5487-1-768x443.jpg 768w\" sizes=\"auto, (max-width: 800px) 100vw, 800px\" \/><\/figure>\n\n\n\n<p class=\"has-text-align-center\" style=\"font-size:16px\">Szkolenie Salza Szkoleniowa to kolejny kurs organizowany przez AKTK &#8222;Bystrze&#8221;, skierowany do os\u00f3b kt\u00f3re zdoby\u0142y ju\u017c pierwsze do\u015bwiadczenia. Koncentruje si\u0119 na doskonaleniu poznanych wcze\u015bniej technik i zdobywaniu nowych umiej\u0119tno\u015bci.  Program kursu obejmuje \u0107wiczenia praktyczne, umo\u017cliwiaj\u0105c uczestnikom rozw\u00f3j pewno\u015bci siebie i technicznej sprawno\u015bci oraz ogromny zastrzyk wiedzy zdobywanych podczas wyk\u0142ad\u00f3w prowadzonych podczas kursu.<\/p>\n\n\n\n<p class=\"has-text-align-center\"><strong><a href=\"https:\/\/bystrze.org\/index.php\/salza-szkoleniowa\">Zainteresowany? Tutaj przeczytasz wi\u0119cej na temat SALZY SZKOLENIOWEJ<\/a><\/strong><\/p>\n\n\n\n<div style=\"height:25px\" aria-hidden=\"true\" class=\"wp-block-spacer\"><\/div>\n\n\n\n<p class=\"has-text-align-center has-luminous-vivid-amber-color has-text-color has-link-color has-medium-font-size wp-elements-04974a00537f10e64f5428b07e2725fb\"><strong>ALPY 0<\/strong><\/p>\n\n\n\n<div class=\"wp-block-columns is-layout-flex wp-container-core-columns-is-layout-9d6595d7 wp-block-columns-is-layout-flex\">\n<div class=\"wp-block-column is-layout-flow wp-block-column-is-layout-flow\">\n<figure class=\"wp-block-image size-large\"><img loading=\"lazy\" decoding=\"async\" width=\"768\" height=\"1024\" src=\"https:\/\/bystrze.org\/wp-content\/uploads\/2024\/11\/IMG_7925-3-768x1024.jpg\" alt=\"\" class=\"wp-image-323\" srcset=\"https:\/\/bystrze.org\/wp-content\/uploads\/2024\/11\/IMG_7925-3-768x1024.jpg 768w, https:\/\/bystrze.org\/wp-content\/uploads\/2024\/11\/IMG_7925-3-225x300.jpg 225w, https:\/\/bystrze.org\/wp-content\/uploads\/2024\/11\/IMG_7925-3-1152x1536.jpg 1152w, https:\/\/bystrze.org\/wp-content\/uploads\/2024\/11\/IMG_7925-3-1536x2048.jpg 1536w, https:\/\/bystrze.org\/wp-content\/uploads\/2024\/11\/IMG_7925-3-scaled.jpg 1920w\" sizes=\"auto, (max-width: 768px) 100vw, 768px\" \/><\/figure>\n<\/div>\n\n\n\n<div class=\"wp-block-column is-layout-flow wp-block-column-is-layout-flow\">\n<figure class=\"wp-block-image size-large\"><img loading=\"lazy\" decoding=\"async\" width=\"768\" height=\"1024\" src=\"https:\/\/bystrze.org\/wp-content\/uploads\/2024\/11\/IMG_4091-3-768x1024.jpg\" alt=\"\" class=\"wp-image-325\" srcset=\"https:\/\/bystrze.org\/wp-content\/uploads\/2024\/11\/IMG_4091-3-768x1024.jpg 768w, https:\/\/bystrze.org\/wp-content\/uploads\/2024\/11\/IMG_4091-3-225x300.jpg 225w, https:\/\/bystrze.org\/wp-content\/uploads\/2024\/11\/IMG_4091-3-1152x1536.jpg 1152w, https:\/\/bystrze.org\/wp-content\/uploads\/2024\/11\/IMG_4091-3-1536x2048.jpg 1536w, https:\/\/bystrze.org\/wp-content\/uploads\/2024\/11\/IMG_4091-3-scaled.jpg 1920w\" sizes=\"auto, (max-width: 768px) 100vw, 768px\" \/><\/figure>\n<\/div>\n<\/div>\n\n\n\n<p class=\"has-text-align-center\" style=\"font-size:16px\">Aply 0 to wyjazd skierowany do os\u00f3b, kt\u00f3re uko\u0144czy\u0142y kurs kajakarstwa g\u00f3rskiego i chc\u0105 zdoby\u0107 praktyczne do\u015bwiadczenie na g\u00f3rskich rzekach, umo\u017cliwiaj\u0105c uczestnikom na doskonalenie poznanych technik, budowanie pewno\u015bci siebie oraz radzenie sobie z trudno\u015bciami na wodzie. Dzi\u0119ki wsparciu do\u015bwiadczonych instruktor\u00f3w, uczestnicy maj\u0105 okazj\u0119 do nauki na \u017cywo, zdobywaj\u0105c cenne umiej\u0119tno\u015bci w prawdziwych warunkach g\u00f3rskich.<\/p>\n\n\n\n<div style=\"height:25px\" aria-hidden=\"true\" class=\"wp-block-spacer\"><\/div>\n\n\n\n<p class=\"has-text-align-center has-luminous-vivid-amber-color has-text-color has-link-color has-medium-font-size wp-elements-17d4596ccbe5879f5f99e522d9f8958e\"><strong>KOLNA POKURSOWA<\/strong><\/p>\n\n\n\n<div class=\"wp-block-columns is-layout-flex wp-container-core-columns-is-layout-9d6595d7 wp-block-columns-is-layout-flex\">\n<div class=\"wp-block-column is-layout-flow wp-block-column-is-layout-flow\">\n<figure class=\"wp-block-image size-large\"><img loading=\"lazy\" decoding=\"async\" width=\"1024\" height=\"768\" src=\"https:\/\/bystrze.org\/wp-content\/uploads\/2024\/11\/IMG_1827-1024x768.jpg\" alt=\"\" class=\"wp-image-329\" srcset=\"https:\/\/bystrze.org\/wp-content\/uploads\/2024\/11\/IMG_1827-1024x768.jpg 1024w, https:\/\/bystrze.org\/wp-content\/uploads\/2024\/11\/IMG_1827-300x225.jpg 300w, https:\/\/bystrze.org\/wp-content\/uploads\/2024\/11\/IMG_1827-768x576.jpg 768w, https:\/\/bystrze.org\/wp-content\/uploads\/2024\/11\/IMG_1827-1536x1152.jpg 1536w, https:\/\/bystrze.org\/wp-content\/uploads\/2024\/11\/IMG_1827-2048x1536.jpg 2048w\" sizes=\"auto, (max-width: 1024px) 100vw, 1024px\" \/><\/figure>\n<\/div>\n\n\n\n<div class=\"wp-block-column is-layout-flow wp-block-column-is-layout-flow\">\n<figure class=\"wp-block-image size-large\"><img loading=\"lazy\" decoding=\"async\" width=\"1024\" height=\"768\" src=\"https:\/\/bystrze.org\/wp-content\/uploads\/2024\/11\/IMG_1767-1024x768.jpg\" alt=\"\" class=\"wp-image-330\" srcset=\"https:\/\/bystrze.org\/wp-content\/uploads\/2024\/11\/IMG_1767-1024x768.jpg 1024w, https:\/\/bystrze.org\/wp-content\/uploads\/2024\/11\/IMG_1767-300x225.jpg 300w, https:\/\/bystrze.org\/wp-content\/uploads\/2024\/11\/IMG_1767-768x576.jpg 768w, https:\/\/bystrze.org\/wp-content\/uploads\/2024\/11\/IMG_1767-1536x1152.jpg 1536w, https:\/\/bystrze.org\/wp-content\/uploads\/2024\/11\/IMG_1767-2048x1536.jpg 2048w\" sizes=\"auto, (max-width: 1024px) 100vw, 1024px\" \/><\/figure>\n<\/div>\n<\/div>\n\n\n\n<p class=\"has-text-align-center\" style=\"font-size:16px\">To kolejne szkolenie skierowane do os\u00f3b, kt\u00f3re uko\u0144czy\u0142y kurs kajakarstwa g\u00f3rskiego i zapoznaj\u0105ce z Torem Kajakarstwa G\u00f3rskiego &#8222;Kolna&#8221; w Krakowie.<\/p>\n\n\n\n<div style=\"height:25px\" aria-hidden=\"true\" class=\"wp-block-spacer\"><\/div>\n\n\n\n<p><\/p>\n\n\n\n<p class=\"has-text-align-center has-luminous-vivid-amber-color has-text-color has-link-color has-medium-font-size wp-elements-a310837f1b77bc996f41bfadd19a366a\"><strong>ALPY 1 i 3\/4<\/strong><\/p>\n\n\n\n<div class=\"wp-block-columns is-layout-flex wp-container-core-columns-is-layout-9d6595d7 wp-block-columns-is-layout-flex\">\n<div class=\"wp-block-column is-layout-flow wp-block-column-is-layout-flow\">\n<figure class=\"wp-block-image size-large\"><img loading=\"lazy\" decoding=\"async\" width=\"768\" height=\"1024\" src=\"https:\/\/bystrze.org\/wp-content\/uploads\/2024\/11\/IMG_9707-768x1024.jpg\" alt=\"\" class=\"wp-image-333\" srcset=\"https:\/\/bystrze.org\/wp-content\/uploads\/2024\/11\/IMG_9707-768x1024.jpg 768w, https:\/\/bystrze.org\/wp-content\/uploads\/2024\/11\/IMG_9707-225x300.jpg 225w, https:\/\/bystrze.org\/wp-content\/uploads\/2024\/11\/IMG_9707-1152x1536.jpg 1152w, https:\/\/bystrze.org\/wp-content\/uploads\/2024\/11\/IMG_9707-1536x2048.jpg 1536w, https:\/\/bystrze.org\/wp-content\/uploads\/2024\/11\/IMG_9707-scaled.jpg 1920w\" sizes=\"auto, (max-width: 768px) 100vw, 768px\" \/><\/figure>\n<\/div>\n\n\n\n<div class=\"wp-block-column is-layout-flow wp-block-column-is-layout-flow\">\n<figure class=\"wp-block-image size-large\"><img loading=\"lazy\" decoding=\"async\" width=\"768\" height=\"1024\" src=\"https:\/\/bystrze.org\/wp-content\/uploads\/2024\/11\/20240412_133416-768x1024.jpg\" alt=\"\" class=\"wp-image-334\" srcset=\"https:\/\/bystrze.org\/wp-content\/uploads\/2024\/11\/20240412_133416-768x1024.jpg 768w, https:\/\/bystrze.org\/wp-content\/uploads\/2024\/11\/20240412_133416-225x300.jpg 225w, https:\/\/bystrze.org\/wp-content\/uploads\/2024\/11\/20240412_133416-1152x1536.jpg 1152w, https:\/\/bystrze.org\/wp-content\/uploads\/2024\/11\/20240412_133416-1536x2048.jpg 1536w, https:\/\/bystrze.org\/wp-content\/uploads\/2024\/11\/20240412_133416-scaled.jpg 1920w\" sizes=\"auto, (max-width: 768px) 100vw, 768px\" \/><\/figure>\n<\/div>\n<\/div>\n\n\n\n<p class=\"has-text-align-center\" style=\"font-size:16px\">Szkolenie Alpy 1 i 3\/4 to zaawansowany kurs kt\u00f3ry przygotowuje uczestnik\u00f3w do p\u0142ywania po rzekach o trudno\u015bci do WW4. Kurs skupia si\u0119 na nauce technik wymaganych do radzenia sobie w trudnych warunkach, podejmowania szybkich decyzji oraz budowania pewno\u015bci siebie podczas prowadzenia grup na wodzie.<\/p>\n\n\n\n<div style=\"height:25px\" aria-hidden=\"true\" class=\"wp-block-spacer\"><\/div>\n\n\n\n<p class=\"has-text-align-center has-luminous-vivid-amber-color has-text-color has-link-color has-medium-font-size wp-elements-9bbd04109dc331f5922689c073b9383e\"><strong>SZKOLENIA Z PIERWSZEJ POMOCY I TECHNIK HOLOWNICZYCH<\/strong><\/p>\n\n\n\n<div class=\"wp-block-columns is-layout-flex wp-container-core-columns-is-layout-9d6595d7 wp-block-columns-is-layout-flex\">\n<div class=\"wp-block-column is-layout-flow wp-block-column-is-layout-flow\">\n<figure class=\"wp-block-image size-large is-resized\"><img loading=\"lazy\" decoding=\"async\" width=\"768\" height=\"1024\" src=\"https:\/\/bystrze.org\/wp-content\/uploads\/2024\/11\/IMG_6762-768x1024.jpg\" alt=\"\" class=\"wp-image-343\" style=\"width:auto;height:500px\" srcset=\"https:\/\/bystrze.org\/wp-content\/uploads\/2024\/11\/IMG_6762-768x1024.jpg 768w, https:\/\/bystrze.org\/wp-content\/uploads\/2024\/11\/IMG_6762-225x300.jpg 225w, https:\/\/bystrze.org\/wp-content\/uploads\/2024\/11\/IMG_6762-1152x1536.jpg 1152w, https:\/\/bystrze.org\/wp-content\/uploads\/2024\/11\/IMG_6762-1536x2048.jpg 1536w, https:\/\/bystrze.org\/wp-content\/uploads\/2024\/11\/IMG_6762-scaled.jpg 1920w\" sizes=\"auto, (max-width: 768px) 100vw, 768px\" \/><\/figure>\n<\/div>\n\n\n\n<div class=\"wp-block-column is-layout-flow wp-block-column-is-layout-flow\">\n<figure class=\"wp-block-image size-large is-resized\"><img loading=\"lazy\" decoding=\"async\" width=\"768\" height=\"1024\" src=\"https:\/\/bystrze.org\/wp-content\/uploads\/2024\/11\/IMG_6621-768x1024.jpg\" alt=\"\" class=\"wp-image-338\" style=\"width:auto;height:500px\" srcset=\"https:\/\/bystrze.org\/wp-content\/uploads\/2024\/11\/IMG_6621-768x1024.jpg 768w, https:\/\/bystrze.org\/wp-content\/uploads\/2024\/11\/IMG_6621-225x300.jpg 225w, https:\/\/bystrze.org\/wp-content\/uploads\/2024\/11\/IMG_6621-1152x1536.jpg 1152w, https:\/\/bystrze.org\/wp-content\/uploads\/2024\/11\/IMG_6621-1536x2048.jpg 1536w, https:\/\/bystrze.org\/wp-content\/uploads\/2024\/11\/IMG_6621-scaled.jpg 1920w\" sizes=\"auto, (max-width: 768px) 100vw, 768px\" \/><\/figure>\n<\/div>\n<\/div>\n\n\n\n<p class=\"has-text-align-center\" style=\"font-size:16px\">Co roku AKTK &#8222;Bystrze&#8221; jest organizatorem szkole\u0144 z zakresu pierwszej pomocy przedmedycznej (z du\u017cym naciskiem na specyfik\u0119 uprawianego przez nas sportu) oraz technik holowniczych<\/p>\n\n\n\n<div style=\"height:21px\" aria-hidden=\"true\" class=\"wp-block-spacer\"><\/div>\n\n\n\n<p class=\"has-text-align-center has-luminous-vivid-amber-color has-text-color has-link-color has-medium-font-size wp-elements-bddbbfa7c7f937d264b5028023f0d21a\"><br><strong>BISS<\/strong><\/p>\n\n\n\n<figure class=\"wp-block-image size-large is-resized\"><img loading=\"lazy\" decoding=\"async\" width=\"1024\" height=\"768\" src=\"https:\/\/bystrze.org\/wp-content\/uploads\/2024\/11\/IMG_20210426_185545-1024x768.jpg\" alt=\"\" class=\"wp-image-348\" style=\"width:auto;height:400px\" srcset=\"https:\/\/bystrze.org\/wp-content\/uploads\/2024\/11\/IMG_20210426_185545-1024x768.jpg 1024w, https:\/\/bystrze.org\/wp-content\/uploads\/2024\/11\/IMG_20210426_185545-300x225.jpg 300w, https:\/\/bystrze.org\/wp-content\/uploads\/2024\/11\/IMG_20210426_185545-768x576.jpg 768w, https:\/\/bystrze.org\/wp-content\/uploads\/2024\/11\/IMG_20210426_185545-1536x1152.jpg 1536w, https:\/\/bystrze.org\/wp-content\/uploads\/2024\/11\/IMG_20210426_185545-2048x1536.jpg 2048w\" sizes=\"auto, (max-width: 1024px) 100vw, 1024px\" \/><\/figure>\n\n\n\n<p class=\"has-text-align-center\" style=\"font-size:16px\">BISS (Bystrzacki Instruktorski System Szko\u00adle\u0144) to program szkoleniowy, kt\u00f3ry przygotowuje i unifikuje kadr\u0119 instruktorsk\u0105 do prowadzenia kurs\u00f3w kajakarstwa g\u00f3rskiego. System k\u0142adzie du\u017cy nacisk na rozw\u00f3j kompetencji pedagogicznych, technicznych oraz praktycznych, zapewniaj\u0105c sp\u00f3jne i wysokiej jako\u015bci metody nauczania. Dzi\u0119ki BISS instruktorzy s\u0105 lepiej przygotowani do pracy z uczestnikami o r\u00f3\u017cnym poziomie zaawansowania, co pozwala na skuteczne przekazywanie wiedzy i umiej\u0119tno\u015bci w bezpieczny spos\u00f3b.<br><\/p>\n","protected":false},"excerpt":{"rendered":"<p>Poni\u017cej przedstawiamy wybrane szkolenia realizowane przez AKTK &#8222;Bystrze&#8221;: KURS KAJAKARSTWA G\u00d3RSKIEGO Kurs kajakarstwa g\u00f3rskiego przeznaczony dla pocz\u0105tkuj\u0105cych oferuje kompleksowe wprowadzenie do tej pasji, ucz\u0105c podstawowych technik wios\u0142owania, manewrowania kajakiem i bezpiecze\u0144stwa na wodach g\u00f3rskich. Zaj\u0119cia obejmuj\u0105 zar\u00f3wno teoretyczne, jak i<\/p>\n","protected":false},"author":1,"featured_media":0,"parent":0,"menu_order":0,"comment_status":"closed","ping_status":"closed","template":"","meta":{"footnotes":""},"class_list":["post-56","page","type-page","status-publish","hentry"],"_links":{"self":[{"href":"https:\/\/bystrze.org\/index.php\/wp-json\/wp\/v2\/pages\/56","targetHints":{"allow":["GET"]}}],"collection":[{"href":"https:\/\/bystrze.org\/index.php\/wp-json\/wp\/v2\/pages"}],"about":[{"href":"https:\/\/bystrze.org\/index.php\/wp-json\/wp\/v2\/types\/page"}],"author":[{"embeddable":true,"href":"https:\/\/bystrze.org\/index.php\/wp-json\/wp\/v2\/users\/1"}],"replies":[{"embeddable":true,"href":"https:\/\/bystrze.org\/index.php\/wp-json\/wp\/v2\/comments?post=56"}],"version-history":[{"count":28,"href":"https:\/\/bystrze.org\/index.php\/wp-json\/wp\/v2\/pages\/56\/revisions"}],"predecessor-version":[{"id":377,"href":"https:\/\/bystrze.org\/index.php\/wp-json\/wp\/v2\/pages\/56\/revisions\/377"}],"wp:attachment":[{"href":"https:\/\/bystrze.org\/index.php\/wp-json\/wp\/v2\/media?parent=56"}],"curies":[{"name":"wp","href":"https:\/\/api.w.org\/{rel}","templated":true}]}}