{"id":53,"date":"2024-11-02T11:00:53","date_gmt":"2024-11-02T10:00:53","guid":{"rendered":"http:\/\/serwer207032.lh.pl\/autoinstalator\/serwer207032.lh.pl\/wordpress90791\/?page_id=53"},"modified":"2026-02-08T14:02:59","modified_gmt":"2026-02-08T13:02:59","slug":"klubowicze","status":"publish","type":"page","link":"https:\/\/bystrze.org\/index.php\/klubowicze\/","title":{"rendered":"Klubowicze"},"content":{"rendered":"\n<p>Poni\u017cej znajduje si\u0119 link do dysku klubowego, dost\u0119pnego dla cz\u0142onk\u00f3w AKTK &#8222;Bystrze&#8221;.<\/p>\n\n\n\n<div style=\"height:24px\" aria-hidden=\"true\" class=\"wp-block-spacer\"><\/div>\n\n\n\n<p class=\"has-text-align-center has-luminous-vivid-amber-color has-text-color has-link-color has-large-font-size wp-elements-41eb2150544887e470465a8f636440f2\"><a href=\"https:\/\/docs.google.com\/document\/d\/1u17P9faolJacL_cQbiHJ-spHI7ly4_e4f0iVkx28jMk\/edit?usp=sharing\" data-type=\"link\" data-id=\"https:\/\/docs.google.com\/document\/d\/1u17P9faolJacL_cQbiHJ-spHI7ly4_e4f0iVkx28jMk\/edit?usp=sharing\">DYSK KLUBOWY<\/a><\/p>\n\n\n\n<div style=\"height:24px\" aria-hidden=\"true\" class=\"wp-block-spacer\"><\/div>\n\n\n\n<p>Nie masz dost\u0119pu, a powiniene\u015b mie\u0107? Napisz do: zarzadbystrze@gmail.com<\/p>\n\n\n\n<p> Wypo\u017cyczenie sprz\u0119tu <a href=\"https:\/\/magazynbystrze.pl\">https:\/\/magazynbystrze.pl<\/a><\/p>\n\n\n\n<div style=\"height:24px\" aria-hidden=\"true\" class=\"wp-block-spacer\"><\/div>\n\n\n\n<p>Chcesz do\u0142\u0105czy\u0107 do AKTK &#8222;Bystrze&#8221;? Tu dowiesz si\u0119 jak!<\/p>\n\n\n\n<p><\/p>\n","protected":false},"excerpt":{"rendered":"<p>Poni\u017cej znajduje si\u0119 link do dysku klubowego, dost\u0119pnego dla cz\u0142onk\u00f3w AKTK &#8222;Bystrze&#8221;. DYSK KLUBOWY Nie masz dost\u0119pu, a powiniene\u015b mie\u0107? Napisz do: zarzadbystrze@gmail.com Wypo\u017cyczenie sprz\u0119tu https:\/\/magazynbystrze.pl Chcesz do\u0142\u0105czy\u0107 do AKTK &#8222;Bystrze&#8221;? Tu dowiesz si\u0119 jak!<\/p>\n","protected":false},"author":1,"featured_media":0,"parent":0,"menu_order":0,"comment_status":"closed","ping_status":"closed","template":"","meta":{"footnotes":""},"class_list":["post-53","page","type-page","status-publish","hentry"],"_links":{"self":[{"href":"https:\/\/bystrze.org\/index.php\/wp-json\/wp\/v2\/pages\/53","targetHints":{"allow":["GET"]}}],"collection":[{"href":"https:\/\/bystrze.org\/index.php\/wp-json\/wp\/v2\/pages"}],"about":[{"href":"https:\/\/bystrze.org\/index.php\/wp-json\/wp\/v2\/types\/page"}],"author":[{"embeddable":true,"href":"https:\/\/bystrze.org\/index.php\/wp-json\/wp\/v2\/users\/1"}],"replies":[{"embeddable":true,"href":"https:\/\/bystrze.org\/index.php\/wp-json\/wp\/v2\/comments?post=53"}],"version-history":[{"count":4,"href":"https:\/\/bystrze.org\/index.php\/wp-json\/wp\/v2\/pages\/53\/revisions"}],"predecessor-version":[{"id":450,"href":"https:\/\/bystrze.org\/index.php\/wp-json\/wp\/v2\/pages\/53\/revisions\/450"}],"wp:attachment":[{"href":"https:\/\/bystrze.org\/index.php\/wp-json\/wp\/v2\/media?parent=53"}],"curies":[{"name":"wp","href":"https:\/\/api.w.org\/{rel}","templated":true}]}}