{"id":418,"date":"2024-11-14T09:08:10","date_gmt":"2024-11-14T08:08:10","guid":{"rendered":"https:\/\/bystrze.org\/?page_id=418"},"modified":"2026-02-02T08:45:27","modified_gmt":"2026-02-02T07:45:27","slug":"czlonkowie-funkcyjni","status":"publish","type":"page","link":"https:\/\/bystrze.org\/index.php\/czlonkowie-funkcyjni\/","title":{"rendered":"Cz\u0142onkowie Funkcyjni"},"content":{"rendered":"\n<figure class=\"wp-block-table\"><table class=\"has-fixed-layout\"><tbody><tr><td><strong>Aktywny Bystrzak<\/strong><\/td><td><\/td><\/tr><tr><td><strong>Boomer<\/strong><\/td><td><\/td><\/tr><tr><td><strong>Ciemniak<\/strong><\/td><td>Magdalena Gorlicka<\/td><\/tr><tr><td><strong>Cofkowy<\/strong><\/td><td>Aleksandra Steg<\/td><\/tr><tr><td><strong>Czepek<\/strong><\/td><td>Magdalena Janiszewska<\/td><\/tr><tr><td><strong>Gad\u017ceciarz<\/strong><\/td><td>Sylwia Basaj<\/td><\/tr><tr><td><strong>KO-wiec<\/strong><\/td><td>Katarzyna Budka; El\u017cbieta &#8222;Niu\u0144ka&#8221; Janiszewska-Miazga<\/td><\/tr><tr><td><strong>Social Media Ninja<\/strong><\/td><td>Krystyna B\u0142aszkiewicz; Matylda Kowalczyk; Krystian Loranc; Katarzyna Budka<\/td><\/tr><tr><td><strong>Rankingowiec<\/strong><\/td><td>Aleksandra Musio\u0142;<\/td><\/tr><tr><td><strong>Sprz\u0119towiec<\/strong><\/td><td>Kamil Grzejszczyk; Joanna Gajda; Maciej Olpi\u0144ski; El\u017cbieta &#8222;Niu\u0144ka&#8221; Janiszewska-Miazga; Krystian Loranc; Bart\u0142omiej Nosek; Mateusz G\u0105sior<\/td><\/tr><tr><td><strong>Webmaster<\/strong><\/td><td>Mateusz G\u0105sior<\/td><\/tr><tr><td><strong>KKS<\/strong><\/td><td><\/td><\/tr><tr><td><strong>Sekcja Nizinna<\/strong><\/td><td><\/td><\/tr><\/tbody><\/table><\/figure>\n\n\n\n<p><\/p>\n","protected":false},"excerpt":{"rendered":"<p>Aktywny Bystrzak Boomer Ciemniak Magdalena Gorlicka Cofkowy Aleksandra Steg Czepek Magdalena Janiszewska Gad\u017ceciarz Sylwia Basaj KO-wiec Katarzyna Budka; El\u017cbieta &#8222;Niu\u0144ka&#8221; Janiszewska-Miazga Social Media Ninja Krystyna B\u0142aszkiewicz; Matylda Kowalczyk; Krystian Loranc; Katarzyna Budka Rankingowiec Aleksandra Musio\u0142; Sprz\u0119towiec Kamil Grzejszczyk; Joanna Gajda;<\/p>\n","protected":false},"author":1,"featured_media":0,"parent":0,"menu_order":0,"comment_status":"closed","ping_status":"closed","template":"","meta":{"footnotes":""},"class_list":["post-418","page","type-page","status-publish","hentry"],"_links":{"self":[{"href":"https:\/\/bystrze.org\/index.php\/wp-json\/wp\/v2\/pages\/418","targetHints":{"allow":["GET"]}}],"collection":[{"href":"https:\/\/bystrze.org\/index.php\/wp-json\/wp\/v2\/pages"}],"about":[{"href":"https:\/\/bystrze.org\/index.php\/wp-json\/wp\/v2\/types\/page"}],"author":[{"embeddable":true,"href":"https:\/\/bystrze.org\/index.php\/wp-json\/wp\/v2\/users\/1"}],"replies":[{"embeddable":true,"href":"https:\/\/bystrze.org\/index.php\/wp-json\/wp\/v2\/comments?post=418"}],"version-history":[{"count":4,"href":"https:\/\/bystrze.org\/index.php\/wp-json\/wp\/v2\/pages\/418\/revisions"}],"predecessor-version":[{"id":445,"href":"https:\/\/bystrze.org\/index.php\/wp-json\/wp\/v2\/pages\/418\/revisions\/445"}],"wp:attachment":[{"href":"https:\/\/bystrze.org\/index.php\/wp-json\/wp\/v2\/media?parent=418"}],"curies":[{"name":"wp","href":"https:\/\/api.w.org\/{rel}","templated":true}]}}