{"id":39,"date":"2024-11-02T10:52:20","date_gmt":"2024-11-02T09:52:20","guid":{"rendered":"http:\/\/serwer207032.lh.pl\/autoinstalator\/serwer207032.lh.pl\/wordpress90791\/?page_id=39"},"modified":"2024-11-05T14:58:11","modified_gmt":"2024-11-05T13:58:11","slug":"klub","status":"publish","type":"page","link":"https:\/\/bystrze.org\/index.php\/klub\/","title":{"rendered":"Klub"},"content":{"rendered":"\n<p class=\"has-text-align-center has-white-color has-text-color has-link-color has-medium-font-size wp-elements-3e310f09678e0bcce1d270365081e163\"><strong>S\u0141\u00d3W KILKA O NASZEJ DZIA\u0141ALNO\u015aCI<\/strong><\/p>\n\n\n\n<div class=\"wp-block-columns is-layout-flex wp-container-core-columns-is-layout-9d6595d7 wp-block-columns-is-layout-flex\">\n<div class=\"wp-block-column is-layout-flow wp-block-column-is-layout-flow\">\n<figure class=\"wp-block-image size-full\"><img loading=\"lazy\" decoding=\"async\" width=\"550\" height=\"550\" src=\"https:\/\/bystrze.org\/wp-content\/uploads\/2024\/11\/20200812_153937-550-1.jpg\" alt=\"\" class=\"wp-image-258\" srcset=\"https:\/\/bystrze.org\/wp-content\/uploads\/2024\/11\/20200812_153937-550-1.jpg 550w, https:\/\/bystrze.org\/wp-content\/uploads\/2024\/11\/20200812_153937-550-1-300x300.jpg 300w, https:\/\/bystrze.org\/wp-content\/uploads\/2024\/11\/20200812_153937-550-1-150x150.jpg 150w, https:\/\/bystrze.org\/wp-content\/uploads\/2024\/11\/20200812_153937-550-1-270x270.jpg 270w, https:\/\/bystrze.org\/wp-content\/uploads\/2024\/11\/20200812_153937-550-1-230x230.jpg 230w\" sizes=\"auto, (max-width: 550px) 100vw, 550px\" \/><\/figure>\n<\/div>\n\n\n\n<div class=\"wp-block-column is-layout-flow wp-block-column-is-layout-flow\">\n<div style=\"height:87px\" aria-hidden=\"true\" class=\"wp-block-spacer\"><\/div>\n\n\n\n<p><strong>AKTK \u2018Bystrze\u2019 dzia\u0142a nieprzerwanie od ponad 50 lat, a przygoda zacz\u0119\u0142a si\u0119 ju\u017c w latach 70.<\/strong><\/p>\n\n\n\n<p class=\"has-text-align-center\">Nasza dzia\u0142alno\u015b\u0107 skupia si\u0119 wok\u00f3\u0142 popularyzacji kajakarstwa g\u00f3rskiego i chocia\u017c w nazwie mamy Akademicki, to nie zamykamy si\u0119 jedynie na \u015brodowisku akademickim!<\/p>\n<\/div>\n<\/div>\n\n\n\n<div class=\"wp-block-columns is-layout-flex wp-container-core-columns-is-layout-9d6595d7 wp-block-columns-is-layout-flex\">\n<div class=\"wp-block-column is-layout-flow wp-block-column-is-layout-flow\">\n<div style=\"height:53px\" aria-hidden=\"true\" class=\"wp-block-spacer\"><\/div>\n\n\n\n<p class=\"has-text-align-center\">Najlepsz\u0105 okazj\u0105 aby do nas do\u0142\u0105czy\u0107 jest organizowany co roku Kurs Kajakarstwa G\u00f3rskiego, gdzie pod czujnym okiem naszych instruktor\u00f3w zostaniesz wci\u0105gni\u0119ty wspania\u0142\u0105 przygod\u0119 jak\u0105 jest kajakarstwo.<br><\/p>\n\n\n\n<p class=\"has-text-align-center has-luminous-vivid-amber-color has-text-color has-link-color wp-elements-586bf4ea3fa1819062cca4d0a2d49ab9\"><a href=\"https:\/\/bystrze.org\/index.php\/kurs-kajakarstwa-gorskiego\/\">TUTAJ PRZECZYTASZ WI\u0118CEJ NA TEMAT NASZEGO KURSU<\/a><\/p>\n<\/div>\n\n\n\n<div class=\"wp-block-column is-layout-flow wp-block-column-is-layout-flow\">\n<figure class=\"wp-block-image size-full\"><img loading=\"lazy\" decoding=\"async\" width=\"550\" height=\"469\" src=\"https:\/\/bystrze.org\/wp-content\/uploads\/2024\/11\/IMG_3881-550-1.jpeg\" alt=\"\" class=\"wp-image-260\" srcset=\"https:\/\/bystrze.org\/wp-content\/uploads\/2024\/11\/IMG_3881-550-1.jpeg 550w, https:\/\/bystrze.org\/wp-content\/uploads\/2024\/11\/IMG_3881-550-1-300x256.jpeg 300w\" sizes=\"auto, (max-width: 550px) 100vw, 550px\" \/><\/figure>\n<\/div>\n<\/div>\n\n\n\n<div class=\"wp-block-columns is-layout-flex wp-container-core-columns-is-layout-9d6595d7 wp-block-columns-is-layout-flex\">\n<div class=\"wp-block-column is-layout-flow wp-block-column-is-layout-flow\">\n<figure class=\"wp-block-image size-full\"><img loading=\"lazy\" decoding=\"async\" width=\"550\" height=\"550\" src=\"https:\/\/bystrze.org\/wp-content\/uploads\/2024\/11\/DSC0242-550-1-1.jpg\" alt=\"\" class=\"wp-image-288\" srcset=\"https:\/\/bystrze.org\/wp-content\/uploads\/2024\/11\/DSC0242-550-1-1.jpg 550w, https:\/\/bystrze.org\/wp-content\/uploads\/2024\/11\/DSC0242-550-1-1-300x300.jpg 300w, https:\/\/bystrze.org\/wp-content\/uploads\/2024\/11\/DSC0242-550-1-1-150x150.jpg 150w, https:\/\/bystrze.org\/wp-content\/uploads\/2024\/11\/DSC0242-550-1-1-270x270.jpg 270w, https:\/\/bystrze.org\/wp-content\/uploads\/2024\/11\/DSC0242-550-1-1-230x230.jpg 230w\" sizes=\"auto, (max-width: 550px) 100vw, 550px\" \/><\/figure>\n<\/div>\n\n\n\n<div class=\"wp-block-column is-layout-flow wp-block-column-is-layout-flow\">\n<div style=\"height:88px\" aria-hidden=\"true\" class=\"wp-block-spacer\"><\/div>\n\n\n\n<p class=\"has-text-align-center\">Ka\u017cdego roku organizujemy sp\u0142ywy, kt\u00f3re zosta\u0142y na sta\u0142e wpisane do klubowego \u201crozk\u0142adu jazdy\u201d. \u015awietnym przyk\u0142adem jest sp\u0142yw \u201cNa Leja\u201d, odbywaj\u0105cy si\u0119 w drugi dzie\u0144 \u015bwi\u0105t Wielkanocy, czyli Lany Poniedzia\u0142ek lub Halloweenowy sp\u0142yw Rudaw\u0105, gdzie mo\u017cna zobaczy\u0107 spor\u0105 grup\u0119 kajakarzy dzielnie pokonuj\u0105c w\u0142a\u015bnie t\u0105 rzek\u0119 przy blasku wy\u0142aniaj\u0105cego si\u0119 zza chmur ksi\u0119\u017cyca.\u00a0<\/p>\n<\/div>\n<\/div>\n\n\n\n<div class=\"wp-block-columns is-layout-flex wp-container-core-columns-is-layout-9d6595d7 wp-block-columns-is-layout-flex\">\n<div class=\"wp-block-column is-layout-flow wp-block-column-is-layout-flow\">\n<div style=\"height:24px\" aria-hidden=\"true\" class=\"wp-block-spacer\"><\/div>\n\n\n\n<p class=\"has-text-align-center\">Jeste\u015bmy r\u00f3wnie\u017c organizatorami imprez od lat wpisanych do kalendarza PZKaj &#8211; mowa tutaj o AMP Kamienna oraz Pucharu Prezesa, czyli naszych klubowych urodzinach.<\/p>\n\n\n\n<p class=\"has-text-align-center\">Co roku Nasi klubowicze r\u00f3wnie\u017c t\u0142umnie zmierzaj\u0105 w zagraniczne destynacje. Rzeki Czech, S\u0142owenii, Austrii czy W\u0142och nie s\u0105 dla nas nowo\u015bci\u0105. Co roku pojawiamy si\u0119 na takich wydarzeniach jak sp\u0142ywy We\u0142taw\u0105 czy na torze na Trnavie. Gdy tylko w naszych grafikach pojawia si\u0119 wolny weekend mo\u017cna nas te\u017c spotka\u0107 na torach kajakarstwa g\u00f3rskiego w takich miastach jak Praga, Bratys\u0142awa czy Wiede\u0144<\/p>\n<\/div>\n\n\n\n<div class=\"wp-block-column is-layout-flow wp-block-column-is-layout-flow\">\n<figure class=\"wp-block-image size-full\"><img loading=\"lazy\" decoding=\"async\" width=\"550\" height=\"550\" src=\"https:\/\/bystrze.org\/wp-content\/uploads\/2024\/11\/IMG_1286-550-1-1.jpg\" alt=\"\" class=\"wp-image-285\" srcset=\"https:\/\/bystrze.org\/wp-content\/uploads\/2024\/11\/IMG_1286-550-1-1.jpg 550w, https:\/\/bystrze.org\/wp-content\/uploads\/2024\/11\/IMG_1286-550-1-1-300x300.jpg 300w, https:\/\/bystrze.org\/wp-content\/uploads\/2024\/11\/IMG_1286-550-1-1-150x150.jpg 150w, https:\/\/bystrze.org\/wp-content\/uploads\/2024\/11\/IMG_1286-550-1-1-270x270.jpg 270w, https:\/\/bystrze.org\/wp-content\/uploads\/2024\/11\/IMG_1286-550-1-1-230x230.jpg 230w\" sizes=\"auto, (max-width: 550px) 100vw, 550px\" \/><\/figure>\n<\/div>\n<\/div>\n\n\n\n<div class=\"wp-block-columns is-layout-flex wp-container-core-columns-is-layout-9d6595d7 wp-block-columns-is-layout-flex\">\n<div class=\"wp-block-column is-layout-flow wp-block-column-is-layout-flow\">\n<figure class=\"wp-block-image size-full\"><img loading=\"lazy\" decoding=\"async\" width=\"550\" height=\"550\" src=\"https:\/\/bystrze.org\/wp-content\/uploads\/2024\/11\/54515544_10156069424985233_858851703804395520_n-550-1-2.jpg\" alt=\"\" class=\"wp-image-289\" srcset=\"https:\/\/bystrze.org\/wp-content\/uploads\/2024\/11\/54515544_10156069424985233_858851703804395520_n-550-1-2.jpg 550w, https:\/\/bystrze.org\/wp-content\/uploads\/2024\/11\/54515544_10156069424985233_858851703804395520_n-550-1-2-300x300.jpg 300w, https:\/\/bystrze.org\/wp-content\/uploads\/2024\/11\/54515544_10156069424985233_858851703804395520_n-550-1-2-150x150.jpg 150w, https:\/\/bystrze.org\/wp-content\/uploads\/2024\/11\/54515544_10156069424985233_858851703804395520_n-550-1-2-270x270.jpg 270w, https:\/\/bystrze.org\/wp-content\/uploads\/2024\/11\/54515544_10156069424985233_858851703804395520_n-550-1-2-230x230.jpg 230w\" sizes=\"auto, (max-width: 550px) 100vw, 550px\" \/><\/figure>\n<\/div>\n\n\n\n<div class=\"wp-block-column is-layout-flow wp-block-column-is-layout-flow\">\n<div style=\"height:53px\" aria-hidden=\"true\" class=\"wp-block-spacer\"><\/div>\n\n\n\n<p class=\"has-text-align-center\">Pr\u00f3cz wyjazd\u00f3w kajakowych, r\u00f3wnie\u017c \u017cycie klubowe kwitnie. Warsztaty naprawiania sprz\u0119tu, wsp\u00f3lne ogl\u0105danie film\u00f3w i meczy czy gra w plansz\u00f3wki. Co roku przynajmniej kilkana\u015bcie razy wybieramy si\u0119 wsp\u00f3lnie w g\u00f3ry &#8211; nie tylko przy okazji restday\u2019\u00f3w. Chocia\u017c uwa\u017camy, \u017ce sezon nigdy si\u0119 nie ko\u0144czy, to im aura bardziej zimowa, tym cz\u0119\u015bciej nie czekamy na okazj\u0119 do spotkania- tworzymy je sami.<\/p>\n<\/div>\n<\/div>\n\n\n\n<p><\/p>\n","protected":false},"excerpt":{"rendered":"<p>S\u0141\u00d3W KILKA O NASZEJ DZIA\u0141ALNO\u015aCI AKTK \u2018Bystrze\u2019 dzia\u0142a nieprzerwanie od ponad 50 lat, a przygoda zacz\u0119\u0142a si\u0119 ju\u017c w latach 70. Nasza dzia\u0142alno\u015b\u0107 skupia si\u0119 wok\u00f3\u0142 popularyzacji kajakarstwa g\u00f3rskiego i chocia\u017c w nazwie mamy Akademicki, to nie zamykamy si\u0119 jedynie<\/p>\n","protected":false},"author":1,"featured_media":0,"parent":0,"menu_order":0,"comment_status":"closed","ping_status":"closed","template":"","meta":{"footnotes":""},"class_list":["post-39","page","type-page","status-publish","hentry"],"_links":{"self":[{"href":"https:\/\/bystrze.org\/index.php\/wp-json\/wp\/v2\/pages\/39","targetHints":{"allow":["GET"]}}],"collection":[{"href":"https:\/\/bystrze.org\/index.php\/wp-json\/wp\/v2\/pages"}],"about":[{"href":"https:\/\/bystrze.org\/index.php\/wp-json\/wp\/v2\/types\/page"}],"author":[{"embeddable":true,"href":"https:\/\/bystrze.org\/index.php\/wp-json\/wp\/v2\/users\/1"}],"replies":[{"embeddable":true,"href":"https:\/\/bystrze.org\/index.php\/wp-json\/wp\/v2\/comments?post=39"}],"version-history":[{"count":17,"href":"https:\/\/bystrze.org\/index.php\/wp-json\/wp\/v2\/pages\/39\/revisions"}],"predecessor-version":[{"id":297,"href":"https:\/\/bystrze.org\/index.php\/wp-json\/wp\/v2\/pages\/39\/revisions\/297"}],"wp:attachment":[{"href":"https:\/\/bystrze.org\/index.php\/wp-json\/wp\/v2\/media?parent=39"}],"curies":[{"name":"wp","href":"https:\/\/api.w.org\/{rel}","templated":true}]}}