{"id":36,"date":"2024-11-02T10:50:02","date_gmt":"2024-11-02T09:50:02","guid":{"rendered":"http:\/\/serwer207032.lh.pl\/autoinstalator\/serwer207032.lh.pl\/wordpress90791\/?page_id=36"},"modified":"2026-02-24T19:55:18","modified_gmt":"2026-02-24T18:55:18","slug":"kurs-kajakarstwa-gorskiego","status":"publish","type":"page","link":"https:\/\/bystrze.org\/index.php\/kurs-kajakarstwa-gorskiego\/","title":{"rendered":"KURS KAJAKARSTWA G\u00d3RSKIEGO"},"content":{"rendered":"\n<p class=\"has-luminous-vivid-amber-color has-text-color has-link-color has-large-font-size wp-elements-ced6554bb8d6a5b73858c9041ffbe856\"><strong>Kurs Kajakarstwa G\u00f3rskiego<\/strong><\/p>\n\n\n\n<p class=\"has-medium-font-size\"><strong>czyli od zera do bohatera.<\/strong><\/p>\n\n\n\n<div style=\"height:20px\" aria-hidden=\"true\" class=\"wp-block-spacer\"><\/div>\n\n\n\n<p class=\"has-text-align-center has-white-color has-text-color has-link-color wp-elements-31e7bc8f613ac87863897ee090422ed0\">Je\u017celi kiedykolwiek my\u015bla\u0142e\u015b by spr\u00f3bowa\u0107 swoich si\u0142 w kajakarstwie g\u00f3rskim &#8211; zapraszamy na nasz kurs!<\/p>\n\n\n\n<p class=\"has-text-align-center has-white-color has-text-color has-link-color wp-elements-dc222709657a577012edb9705c8de032\">Nigdy nie siedzia\u0142e\u015b w kajaku? To nie wym\u00f3wka, by rozpocz\u0105\u0107 wspania\u0142\u0105 przygod\u0119 z kajakarstwem g\u00f3rskim!<\/p>\n\n\n\n<p class=\"has-text-align-center has-white-color has-text-color has-link-color wp-elements-6d81a65de8dd0e642ab3f907d9b5169b\">Kurs sk\u0142ada si\u0119 z kilku blok\u00f3w, kt\u00f3re krok po kroku wprowadz\u0105 Ci\u0119 w tajniki sportu, dla kt\u00f3rego stracili\u015bmy g\u0142ow\u0119. Zaj\u0119cia prowadzone s\u0105 pod czujnym okiem naszych instruktor\u00f3w w ma\u0142ych grupach dostosowanych do umiej\u0119tno\u015bci oraz progresu uczestnik\u00f3w kursu.<\/p>\n\n\n\n<div style=\"height:20px\" aria-hidden=\"true\" class=\"wp-block-spacer\"><\/div>\n\n\n\n<details class=\"wp-block-details has-luminous-vivid-amber-color has-text-color has-link-color wp-elements-d10ff6ecb256f386f2ea350a57a5c714 is-layout-flow wp-block-details-is-layout-flow\"><summary>HARMONOGRAM KURSU<\/summary>\n<p>09\/16.02 &#8211; spotkanie informacyjne (na obu b\u0119d\u0105 te same informacje)<br><br>23.02 &#8211; Pierwszy wyk\u0142ad &#8211; Sprz\u0119t<\/p>\n\n\n\n<p>09.03 &#8211; Locja<\/p>\n\n\n\n<p>16.03 &#8211; Uraz\u00f3wka<\/p>\n\n\n\n<p>23.03 &#8211; Ratownictwo<\/p>\n\n\n\n<p>20.04 &#8211; Biwakowanie&nbsp;<\/p>\n\n\n\n<p>Baseny:<\/p>\n\n\n\n<p>11\/12.03<\/p>\n\n\n\n<p>18\/19.03<\/p>\n\n\n\n<p>25\/26.03<\/p>\n\n\n\n<p>16.04 &#8211; Wis\u0142a Popo\u0142udniowa<\/p>\n\n\n\n<p>25-26.04 &#8211; Bagry + Wis\u0142a<\/p>\n\n\n\n<p>09-10.05 &#8211; Dunajec&nbsp;<\/p>\n\n\n\n<p>23-24.05 &#8211; Wietrznice&nbsp;<\/p>\n\n\n\n<p>13-14.06 &#8211; Bia\u0142ka&nbsp;<\/p>\n\n\n\n<div style=\"height:18px\" aria-hidden=\"true\" class=\"wp-block-spacer\"><\/div>\n<\/details>\n\n\n\n<details class=\"wp-block-details has-luminous-vivid-amber-color has-text-color has-link-color wp-elements-be05f332185a520134149c1e65d6c00c is-layout-flow wp-block-details-is-layout-flow\"><summary>REGULAMIN KURSU<\/summary>\n<p>Regulamin: <a href=\"https:\/\/drive.google.com\/file\/d\/14t3ozzK4D4mDM3-zUf0fUS-U-sSTEXRE\/view?usp=sharing\">https:\/\/drive.google.com\/file\/d\/14t3ozzK4D4mDM3-zUf0fUS-U-sSTEXRE\/view?usp=sharing<\/a><\/p>\n\n\n\n<div style=\"height:17px\" aria-hidden=\"true\" class=\"wp-block-spacer\"><\/div>\n\n\n\n<p><\/p>\n<\/details>\n\n\n\n<details class=\"wp-block-details has-luminous-vivid-amber-color has-text-color has-link-color wp-elements-a3d27d3f26cd81e71d3670c125edcba7 is-layout-flow wp-block-details-is-layout-flow\"><summary>OP\u0141ATY I ZAPISY<\/summary>\n<p>Cennik:<\/p>\n\n\n\n<p>Osoba studiuj\u0105ca na AGH: &nbsp; &nbsp; &nbsp; &nbsp; &nbsp; &nbsp; 1400 z\u0142<\/p>\n\n\n\n<p>Osoba studiuj\u0105ca na innej uczelni: 1700 z\u0142<\/p>\n\n\n\n<p>Osoba nie studiuj\u0105ca:&nbsp; &nbsp; &nbsp; &nbsp; &nbsp; &nbsp; &nbsp; &nbsp; &nbsp; &nbsp; &nbsp; 2400 z\u0142<\/p>\n\n\n\n<p>Mo\u017cliwo\u015b\u0107 wp\u0142aty w ratach:<\/p>\n\n\n\n<p>&nbsp;Student AGH<\/p>\n\n\n\n<ul class=\"wp-block-list\">\n<li>I rata do 23.02.2026 &nbsp; 500 z\u0142&nbsp;<\/li>\n\n\n\n<li>II rata&nbsp; do 12.03. 2026 &nbsp; 450 z\u0142&nbsp;<\/li>\n\n\n\n<li>III rata do 11.04. 2026&nbsp; 450 z\u0142&nbsp;<\/li>\n<\/ul>\n\n\n\n<p>Student innej uczelni<\/p>\n\n\n\n<ul class=\"wp-block-list\">\n<li>I rata do 23.02.2026 &nbsp; 500 z\u0142&nbsp;<\/li>\n\n\n\n<li>II rata&nbsp; do 12.03. 2026 &nbsp; 600 z\u0142&nbsp;<\/li>\n\n\n\n<li>III rata do 11.04. 2026&nbsp; 600 z\u0142&nbsp;<\/li>\n<\/ul>\n\n\n\n<p>Osoba nie studiuj\u0105ca<\/p>\n\n\n\n<ul class=\"wp-block-list\">\n<li>I rata do 23.02.2026 &nbsp; 500 z\u0142&nbsp;<\/li>\n\n\n\n<li>II rata&nbsp; do 12.03. 2026 &nbsp; 950 z\u0142&nbsp;<\/li>\n\n\n\n<li>III rata do 11.04. 2026&nbsp; 950 z\u0142&nbsp;<\/li>\n<\/ul>\n\n\n\n<p>Zapisy trwaj\u0105 do 23.02Link do zapis\u00f3w:<br><br><a href=\"https:\/\/docs.google.com\/forms\/d\/e\/1FAIpQLSfBk8u5N8fyXiD8yAu2odV1yUcPdQd40t7lnKRC8JxF793sgg\/viewform?usp=dialog\">https:\/\/docs.google.com\/forms\/d\/e\/1FAIpQLSfBk8u5N8fyXiD8yAu2odV1yUcPdQd40t7lnKRC8JxF793sgg\/viewform?usp=dialog<\/a><\/p>\n<\/details>\n\n\n\n<div style=\"height:27px\" aria-hidden=\"true\" class=\"wp-block-spacer\"><\/div>\n\n\n\n<p style=\"font-size:18px\"><\/p>\n\n\n\n<p class=\"has-text-align-center has-white-color has-text-color has-link-color has-medium-font-size wp-elements-afca11ce46892c76395ac999eddbc35c\"><strong>WIS\u0141A POPO\u0141UDNIOWA<\/strong><\/p>\n\n\n\n<p style=\"font-size:16px\">Ahoj przygodo! Wszystko zaczynamy od integracyjnego i widokowego sp\u0142ywu, prowadz\u0105cego pod mury Wawelu! To okazja do zapoznania si\u0119 ze specyfik\u0105 kajakarstwa w komfortowych dw\u00f3jeczkach i wy\u015bmienitym towarzystwie.<\/p>\n\n\n\n<figure class=\"wp-block-image size-full is-style-default\"><img loading=\"lazy\" decoding=\"async\" width=\"593\" height=\"300\" src=\"https:\/\/bystrze.org\/wp-content\/uploads\/2024\/11\/1.jpg\" alt=\"\" class=\"wp-image-148\" srcset=\"https:\/\/bystrze.org\/wp-content\/uploads\/2024\/11\/1.jpg 593w, https:\/\/bystrze.org\/wp-content\/uploads\/2024\/11\/1-300x152.jpg 300w\" sizes=\"auto, (max-width: 593px) 100vw, 593px\" \/><\/figure>\n\n\n\n<div style=\"height:15px\" aria-hidden=\"true\" class=\"wp-block-spacer\"><\/div>\n\n\n\n<p class=\"has-text-align-center has-white-color has-text-color has-link-color has-medium-font-size wp-elements-9709752fb4e4e522f66c775e3ed75482\"><strong>BASENY<\/strong><\/p>\n\n\n\n<p style=\"font-size:16px\">Pierwsza okazja do zapoznania si\u0119 z kajakiem g\u00f3rskim pojawia si\u0119 ju\u017c na samym pocz\u0105tku, podczas &#8222;basen\u00f3w kursowych&#8221; . To podczas nich nauczysz si\u0119 &#8222;robi\u0107 kabin\u0119&#8221; i &#8222;wstawa\u0107 o dzi\u00f3bka&#8221;. Te umiej\u0119tno\u015bci przydadz\u0105 si\u0119 na rzece, a dzi\u0119ki tym zaj\u0119ciom prze\u0107wiczysz je w bezpiecznych warunkach, pod okiem instruktora.<\/p>\n\n\n\n<div class=\"wp-block-group is-layout-grid wp-container-core-group-is-layout-baef362d wp-block-group-is-layout-grid\">\n<figure class=\"wp-block-image size-full\"><img loading=\"lazy\" decoding=\"async\" width=\"400\" height=\"300\" src=\"https:\/\/bystrze.org\/wp-content\/uploads\/2024\/11\/2.jpg\" alt=\"\" class=\"wp-image-149\" srcset=\"https:\/\/bystrze.org\/wp-content\/uploads\/2024\/11\/2.jpg 400w, https:\/\/bystrze.org\/wp-content\/uploads\/2024\/11\/2-300x225.jpg 300w\" sizes=\"auto, (max-width: 400px) 100vw, 400px\" \/><\/figure>\n\n\n\n<figure class=\"wp-block-image size-full\"><img loading=\"lazy\" decoding=\"async\" width=\"400\" height=\"300\" src=\"https:\/\/bystrze.org\/wp-content\/uploads\/2024\/11\/3.jpg\" alt=\"\" class=\"wp-image-150\" srcset=\"https:\/\/bystrze.org\/wp-content\/uploads\/2024\/11\/3.jpg 400w, https:\/\/bystrze.org\/wp-content\/uploads\/2024\/11\/3-300x225.jpg 300w\" sizes=\"auto, (max-width: 400px) 100vw, 400px\" \/><\/figure>\n<\/div>\n\n\n\n<div style=\"height:15px\" aria-hidden=\"true\" class=\"wp-block-spacer\"><\/div>\n\n\n\n<p class=\"has-text-align-center has-white-color has-text-color has-link-color has-medium-font-size wp-elements-fcd889c496764a4cd12fd84fe745794b\"><strong>WYK\u0141ADY<\/strong><\/p>\n\n\n\n<p style=\"font-size:16px\">Podczas r\u00f3wnocze\u015bnie prowadzonych wyk\u0142ad\u00f3w zapoznasz si\u0119 ze sprz\u0119tem potrzebnym do uprawiania kajakarstwa g\u00f3rskiego, dowiesz si\u0119 jak go skonfigurowa\u0107 oraz wch\u0142oniesz dawk\u0119 niezb\u0119dnej wiedzy.<\/p>\n\n\n\n<div class=\"wp-block-group is-layout-grid wp-container-core-group-is-layout-baef362d wp-block-group-is-layout-grid\">\n<figure class=\"wp-block-image size-full\"><img loading=\"lazy\" decoding=\"async\" width=\"389\" height=\"350\" src=\"https:\/\/bystrze.org\/wp-content\/uploads\/2024\/11\/4b.jpg\" alt=\"\" class=\"wp-image-156\" srcset=\"https:\/\/bystrze.org\/wp-content\/uploads\/2024\/11\/4b.jpg 389w, https:\/\/bystrze.org\/wp-content\/uploads\/2024\/11\/4b-300x270.jpg 300w\" sizes=\"auto, (max-width: 389px) 100vw, 389px\" \/><\/figure>\n\n\n\n<figure class=\"wp-block-image size-full\"><img loading=\"lazy\" decoding=\"async\" width=\"350\" height=\"350\" src=\"https:\/\/bystrze.org\/wp-content\/uploads\/2024\/11\/5a-1.jpeg\" alt=\"\" class=\"wp-image-157\" srcset=\"https:\/\/bystrze.org\/wp-content\/uploads\/2024\/11\/5a-1.jpeg 350w, https:\/\/bystrze.org\/wp-content\/uploads\/2024\/11\/5a-1-300x300.jpeg 300w, https:\/\/bystrze.org\/wp-content\/uploads\/2024\/11\/5a-1-150x150.jpeg 150w, https:\/\/bystrze.org\/wp-content\/uploads\/2024\/11\/5a-1-270x270.jpeg 270w, https:\/\/bystrze.org\/wp-content\/uploads\/2024\/11\/5a-1-230x230.jpeg 230w\" sizes=\"auto, (max-width: 350px) 100vw, 350px\" \/><\/figure>\n<\/div>\n\n\n\n<div style=\"height:15px\" aria-hidden=\"true\" class=\"wp-block-spacer\"><\/div>\n\n\n\n<p class=\"has-text-align-center has-white-color has-text-color has-link-color has-medium-font-size wp-elements-3bf1d0563a325ef9d9712174a26c00c7\"><strong>BAGRY I WIS\u0141A<\/strong><\/p>\n\n\n\n<p style=\"font-size:16px\">Gdy tylko wiosenna aura na dobre zago\u015bci na zewn\u0119trz (albo po krakowsku &#8222;na polu&#8221;) przeniesiemy si\u0119 w plener, aby po\u0107wiczy\u0107 wios\u0142owanie i pozna\u0107 kilka nowych manewr\u00f3w. Zaj\u0119cia odbywaj\u0105 si\u0119 na zbiorniku wodnym Bagry oraz nizinnym fragmencie Wis\u0142y.<\/p>\n\n\n\n<p style=\"font-size:16px\">To podczas nich dowiesz si\u0119 dlaczego \u201cdobry przechy\u0142\u201d jest tak istotny i nauczysz si\u0119 wchodzi\u0107 i wychodzi\u0107 z cofki na rzece. Nie wiesz co to cofka? To dobrze &#8211; wszystko Ci powiemy!<\/p>\n\n\n\n<div class=\"wp-block-columns is-layout-flex wp-container-core-columns-is-layout-9d6595d7 wp-block-columns-is-layout-flex\">\n<div class=\"wp-block-column is-layout-flow wp-block-column-is-layout-flow\">\n<figure class=\"wp-block-image size-full is-resized\"><img loading=\"lazy\" decoding=\"async\" width=\"770\" height=\"1024\" src=\"https:\/\/bystrze.org\/wp-content\/uploads\/2024\/11\/IMG_20210523_143403-770x1024-2.jpg\" alt=\"\" class=\"wp-image-193\" style=\"width:350px\" srcset=\"https:\/\/bystrze.org\/wp-content\/uploads\/2024\/11\/IMG_20210523_143403-770x1024-2.jpg 770w, https:\/\/bystrze.org\/wp-content\/uploads\/2024\/11\/IMG_20210523_143403-770x1024-2-226x300.jpg 226w, https:\/\/bystrze.org\/wp-content\/uploads\/2024\/11\/IMG_20210523_143403-770x1024-2-768x1021.jpg 768w\" sizes=\"auto, (max-width: 770px) 100vw, 770px\" \/><\/figure>\n<\/div>\n\n\n\n<div class=\"wp-block-column is-layout-flow wp-block-column-is-layout-flow\">\n<figure class=\"wp-block-image size-full\"><img loading=\"lazy\" decoding=\"async\" width=\"550\" height=\"324\" src=\"https:\/\/bystrze.org\/wp-content\/uploads\/2024\/11\/IMG_20210523_110655-550.jpg\" alt=\"\" class=\"wp-image-194\" srcset=\"https:\/\/bystrze.org\/wp-content\/uploads\/2024\/11\/IMG_20210523_110655-550.jpg 550w, https:\/\/bystrze.org\/wp-content\/uploads\/2024\/11\/IMG_20210523_110655-550-300x177.jpg 300w\" sizes=\"auto, (max-width: 550px) 100vw, 550px\" \/><\/figure>\n\n\n\n<figure class=\"wp-block-image size-full\"><img loading=\"lazy\" decoding=\"async\" width=\"550\" height=\"324\" src=\"https:\/\/bystrze.org\/wp-content\/uploads\/2024\/11\/20220423_125553-550-1.jpg\" alt=\"\" class=\"wp-image-195\" srcset=\"https:\/\/bystrze.org\/wp-content\/uploads\/2024\/11\/20220423_125553-550-1.jpg 550w, https:\/\/bystrze.org\/wp-content\/uploads\/2024\/11\/20220423_125553-550-1-300x177.jpg 300w\" sizes=\"auto, (max-width: 550px) 100vw, 550px\" \/><\/figure>\n<\/div>\n<\/div>\n\n\n\n<div style=\"height:15px\" aria-hidden=\"true\" class=\"wp-block-spacer\"><\/div>\n\n\n\n<p class=\"has-text-align-center has-white-color has-text-color has-link-color has-medium-font-size wp-elements-74edf3bab3c7f001edd495016ee9bbe9\"><strong>PIERWSZE G\u00d3RSKIE RZEKI<\/strong><\/p>\n\n\n\n<p style=\"font-size:16px\">Po wprawieniu w boju &#8222;na p\u0142askiej wodzie&#8221; przenosimy si\u0119 na rzeki g\u00f3rskie, gdzie zaczyna si\u0119 zabawa.&nbsp;<\/p>\n\n\n\n<p style=\"font-size:16px\">Podczas weekendowych wyjazd\u00f3w sp\u0142yniesz z nami dwa odcinki Dunajca- w tym przepi\u0119kny odcinek Prze\u0142omu, \u0107wicz\u0105c takie rzeczy jak &#8222;promowanie&#8221;, &#8222;trawers&#8221; czy &#8222;wyj\u015bcie\/wej\u015bcie do cofki&#8221;. Wieczorem natomiast pointegrujemy si\u0119 przy tradycyjnych ogniskach.<\/p>\n\n\n\n<div style=\"height:15px\" aria-hidden=\"true\" class=\"wp-block-spacer\"><\/div>\n\n\n\n<p class=\"has-medium-font-size\"><\/p>\n\n\n\n<div class=\"wp-block-columns is-layout-flex wp-container-core-columns-is-layout-9d6595d7 wp-block-columns-is-layout-flex\">\n<div class=\"wp-block-column is-layout-flow wp-block-column-is-layout-flow\">\n<figure class=\"wp-block-image size-full\"><img loading=\"lazy\" decoding=\"async\" width=\"550\" height=\"324\" src=\"https:\/\/bystrze.org\/wp-content\/uploads\/2024\/11\/IMG_20210605_141340.jpg\" alt=\"\" class=\"wp-image-206\" srcset=\"https:\/\/bystrze.org\/wp-content\/uploads\/2024\/11\/IMG_20210605_141340.jpg 550w, https:\/\/bystrze.org\/wp-content\/uploads\/2024\/11\/IMG_20210605_141340-300x177.jpg 300w\" sizes=\"auto, (max-width: 550px) 100vw, 550px\" \/><\/figure>\n\n\n\n<figure class=\"wp-block-image size-full\"><img loading=\"lazy\" decoding=\"async\" width=\"550\" height=\"324\" src=\"https:\/\/bystrze.org\/wp-content\/uploads\/2024\/11\/IMG_20220521_145737.jpg\" alt=\"\" class=\"wp-image-208\" srcset=\"https:\/\/bystrze.org\/wp-content\/uploads\/2024\/11\/IMG_20220521_145737.jpg 550w, https:\/\/bystrze.org\/wp-content\/uploads\/2024\/11\/IMG_20220521_145737-300x177.jpg 300w\" sizes=\"auto, (max-width: 550px) 100vw, 550px\" \/><\/figure>\n<\/div>\n\n\n\n<div class=\"wp-block-column is-layout-flow wp-block-column-is-layout-flow\">\n<figure class=\"wp-block-image size-full is-resized\"><img loading=\"lazy\" decoding=\"async\" width=\"770\" height=\"1024\" src=\"https:\/\/bystrze.org\/wp-content\/uploads\/2024\/11\/IMG_20210605_153213_Bokeh-770x1024-1.jpg\" alt=\"\" class=\"wp-image-207\" style=\"width:auto;height:450px\" srcset=\"https:\/\/bystrze.org\/wp-content\/uploads\/2024\/11\/IMG_20210605_153213_Bokeh-770x1024-1.jpg 770w, https:\/\/bystrze.org\/wp-content\/uploads\/2024\/11\/IMG_20210605_153213_Bokeh-770x1024-1-226x300.jpg 226w, https:\/\/bystrze.org\/wp-content\/uploads\/2024\/11\/IMG_20210605_153213_Bokeh-770x1024-1-768x1021.jpg 768w\" sizes=\"auto, (max-width: 770px) 100vw, 770px\" \/><\/figure>\n<\/div>\n<\/div>\n\n\n\n<p style=\"font-size:16px\">To wtedy r\u00f3wnie\u017c poznasz podstawy asekuracji, dzielnie ratuj\u0105c instruktor\u00f3w i koleg\u00f3w znajduj\u0105cych si\u0119 w nurcie toru kajakowego &#8222;Wietrznice&#8221;. Sam te\u017c, b\u0119dziesz mia\u0142 okazj\u0119 spr\u00f3bowa\u0107 swoich si\u0142 w tym miejscu.<\/p>\n\n\n\n<div class=\"wp-block-columns is-layout-flex wp-container-core-columns-is-layout-9d6595d7 wp-block-columns-is-layout-flex\">\n<div class=\"wp-block-column is-layout-flow wp-block-column-is-layout-flow\">\n<figure class=\"wp-block-image size-full\"><img loading=\"lazy\" decoding=\"async\" width=\"550\" height=\"324\" src=\"https:\/\/bystrze.org\/wp-content\/uploads\/2024\/11\/IMG_20210606_094233.jpg\" alt=\"\" class=\"wp-image-221\" srcset=\"https:\/\/bystrze.org\/wp-content\/uploads\/2024\/11\/IMG_20210606_094233.jpg 550w, https:\/\/bystrze.org\/wp-content\/uploads\/2024\/11\/IMG_20210606_094233-300x177.jpg 300w\" sizes=\"auto, (max-width: 550px) 100vw, 550px\" \/><\/figure>\n<\/div>\n\n\n\n<div class=\"wp-block-column is-layout-flow wp-block-column-is-layout-flow\">\n<figure class=\"wp-block-image size-full\"><img loading=\"lazy\" decoding=\"async\" width=\"550\" height=\"324\" src=\"https:\/\/bystrze.org\/wp-content\/uploads\/2024\/11\/IMG_20210606_093302.jpg\" alt=\"\" class=\"wp-image-222\" srcset=\"https:\/\/bystrze.org\/wp-content\/uploads\/2024\/11\/IMG_20210606_093302.jpg 550w, https:\/\/bystrze.org\/wp-content\/uploads\/2024\/11\/IMG_20210606_093302-300x177.jpg 300w\" sizes=\"auto, (max-width: 550px) 100vw, 550px\" \/><\/figure>\n<\/div>\n<\/div>\n\n\n\n<div style=\"height:15px\" aria-hidden=\"true\" class=\"wp-block-spacer\"><\/div>\n\n\n\n<p class=\"has-text-align-center has-white-color has-text-color has-link-color has-medium-font-size wp-elements-bcfe3141ae2294444a98997eb0e3d1da\"><strong>BIA\u0141KA<\/strong><\/p>\n\n\n\n<p style=\"font-size:16px\">Na zako\u0144czenie kursu czeka prawdziwa pere\u0142ka &#8211; rzeka, kt\u00f3ra jako jedna z nielicznych zachowa\u0142a sw\u00f3j naturalny, g\u00f3rski charakter. Mowa rzecz jasna o Bia\u0142ce. Zobaczysz dlaczego nie \u015bpimy po nocach sprawdzaj\u0105c pegle i zapewne zakochasz si\u0119 w tej rzece jak my.<\/p>\n\n\n\n<div class=\"wp-block-columns is-layout-flex wp-container-core-columns-is-layout-9d6595d7 wp-block-columns-is-layout-flex\">\n<div class=\"wp-block-column is-layout-flow wp-block-column-is-layout-flow\">\n<figure class=\"wp-block-image size-full\"><img loading=\"lazy\" decoding=\"async\" width=\"550\" height=\"324\" src=\"https:\/\/bystrze.org\/wp-content\/uploads\/2024\/11\/12.jpg\" alt=\"\" class=\"wp-image-223\" srcset=\"https:\/\/bystrze.org\/wp-content\/uploads\/2024\/11\/12.jpg 550w, https:\/\/bystrze.org\/wp-content\/uploads\/2024\/11\/12-300x177.jpg 300w\" sizes=\"auto, (max-width: 550px) 100vw, 550px\" \/><\/figure>\n<\/div>\n\n\n\n<div class=\"wp-block-column is-layout-flow wp-block-column-is-layout-flow\">\n<figure class=\"wp-block-image size-full\"><img loading=\"lazy\" decoding=\"async\" width=\"550\" height=\"324\" src=\"https:\/\/bystrze.org\/wp-content\/uploads\/2024\/11\/296248279_592258252336877_4820175070262182167_n.jpg\" alt=\"\" class=\"wp-image-224\" srcset=\"https:\/\/bystrze.org\/wp-content\/uploads\/2024\/11\/296248279_592258252336877_4820175070262182167_n.jpg 550w, https:\/\/bystrze.org\/wp-content\/uploads\/2024\/11\/296248279_592258252336877_4820175070262182167_n-300x177.jpg 300w\" sizes=\"auto, (max-width: 550px) 100vw, 550px\" \/><\/figure>\n<\/div>\n<\/div>\n\n\n\n<div style=\"height:15px\" aria-hidden=\"true\" class=\"wp-block-spacer\"><\/div>\n\n\n\n<p class=\"has-text-align-center has-white-color has-text-color has-link-color has-medium-font-size wp-elements-39d87b0d547bd633ca87ba2d115f7caf\"><strong>CZUJESZ NIEDOSYT?<\/strong><\/p>\n\n\n\n<p style=\"font-size:16px\"><br>Nic straconego &#8211; co roku dla naszych kursant\u00f3w organizujemy dodatkowo p\u0142ywania na torze kajakowym \u201cKolna\u201d, pozwalaj\u0105ce na zapoznanie si\u0119 z torem pod czujnym okiem do\u015bwiadczonych koleg\u00f3w.<\/p>\n\n\n\n<p style=\"font-size:16px\"><\/p>\n\n\n\n<p style=\"font-size:16px\">Po zako\u0144czonym kursie organizujemy r\u00f3wnie\u017c wyjazd pod dumn\u0105 nazw\u0105 \u2018Alpy 0\u2019, gdzie skupiamy si\u0119 na wykorzystaniu nabytych umiej\u0119tno\u015bci i dobrej zabawie w pi\u0119knych okoliczno\u015bciach alpejskiej przyrody.<\/p>\n\n\n\n<p style=\"font-size:16px\">Ponadto w trakcie trwania kursu organizowane s\u0105 liczne dodatkowe wyjazdy, tak aby nasi kursanci nabyli jak najwi\u0119cej umiej\u0119tno\u015bci i op\u0142ywania.<\/p>\n\n\n\n<div class=\"wp-block-columns is-layout-flex wp-container-core-columns-is-layout-9d6595d7 wp-block-columns-is-layout-flex\">\n<div class=\"wp-block-column is-layout-flow wp-block-column-is-layout-flow\">\n<figure class=\"wp-block-image size-full\"><img loading=\"lazy\" decoding=\"async\" width=\"550\" height=\"325\" src=\"https:\/\/bystrze.org\/wp-content\/uploads\/2024\/11\/IMG_20220714_150250.jpg\" alt=\"\" class=\"wp-image-226\" srcset=\"https:\/\/bystrze.org\/wp-content\/uploads\/2024\/11\/IMG_20220714_150250.jpg 550w, https:\/\/bystrze.org\/wp-content\/uploads\/2024\/11\/IMG_20220714_150250-300x177.jpg 300w\" sizes=\"auto, (max-width: 550px) 100vw, 550px\" \/><\/figure>\n\n\n\n<figure class=\"wp-block-image size-full\"><img loading=\"lazy\" decoding=\"async\" width=\"550\" height=\"324\" src=\"https:\/\/bystrze.org\/wp-content\/uploads\/2024\/11\/IMG_20220714_155423.jpg\" alt=\"\" class=\"wp-image-227\" srcset=\"https:\/\/bystrze.org\/wp-content\/uploads\/2024\/11\/IMG_20220714_155423.jpg 550w, https:\/\/bystrze.org\/wp-content\/uploads\/2024\/11\/IMG_20220714_155423-300x177.jpg 300w\" sizes=\"auto, (max-width: 550px) 100vw, 550px\" \/><\/figure>\n<\/div>\n\n\n\n<div class=\"wp-block-column is-layout-flow wp-block-column-is-layout-flow\">\n<figure class=\"wp-block-image size-full is-resized\"><img loading=\"lazy\" decoding=\"async\" width=\"454\" height=\"720\" src=\"https:\/\/bystrze.org\/wp-content\/uploads\/2024\/11\/21fbe928-c7e4-4a95-b78a-c873594bd34a.jpg\" alt=\"\" class=\"wp-image-225\" style=\"width:auto;height:460px\" srcset=\"https:\/\/bystrze.org\/wp-content\/uploads\/2024\/11\/21fbe928-c7e4-4a95-b78a-c873594bd34a.jpg 454w, https:\/\/bystrze.org\/wp-content\/uploads\/2024\/11\/21fbe928-c7e4-4a95-b78a-c873594bd34a-189x300.jpg 189w\" sizes=\"auto, (max-width: 454px) 100vw, 454px\" \/><\/figure>\n<\/div>\n<\/div>\n\n\n\n<p><\/p>\n","protected":false},"excerpt":{"rendered":"<p>Kurs Kajakarstwa G\u00f3rskiego czyli od zera do bohatera. Je\u017celi kiedykolwiek my\u015bla\u0142e\u015b by spr\u00f3bowa\u0107 swoich si\u0142 w kajakarstwie g\u00f3rskim &#8211; zapraszamy na nasz kurs! Nigdy nie siedzia\u0142e\u015b w kajaku? To nie wym\u00f3wka, by rozpocz\u0105\u0107 wspania\u0142\u0105 przygod\u0119 z kajakarstwem g\u00f3rskim! Kurs sk\u0142ada<\/p>\n","protected":false},"author":1,"featured_media":0,"parent":0,"menu_order":0,"comment_status":"closed","ping_status":"closed","template":"","meta":{"footnotes":""},"class_list":["post-36","page","type-page","status-publish","hentry"],"_links":{"self":[{"href":"https:\/\/bystrze.org\/index.php\/wp-json\/wp\/v2\/pages\/36","targetHints":{"allow":["GET"]}}],"collection":[{"href":"https:\/\/bystrze.org\/index.php\/wp-json\/wp\/v2\/pages"}],"about":[{"href":"https:\/\/bystrze.org\/index.php\/wp-json\/wp\/v2\/types\/page"}],"author":[{"embeddable":true,"href":"https:\/\/bystrze.org\/index.php\/wp-json\/wp\/v2\/users\/1"}],"replies":[{"embeddable":true,"href":"https:\/\/bystrze.org\/index.php\/wp-json\/wp\/v2\/comments?post=36"}],"version-history":[{"count":31,"href":"https:\/\/bystrze.org\/index.php\/wp-json\/wp\/v2\/pages\/36\/revisions"}],"predecessor-version":[{"id":569,"href":"https:\/\/bystrze.org\/index.php\/wp-json\/wp\/v2\/pages\/36\/revisions\/569"}],"wp:attachment":[{"href":"https:\/\/bystrze.org\/index.php\/wp-json\/wp\/v2\/media?parent=36"}],"curies":[{"name":"wp","href":"https:\/\/api.w.org\/{rel}","templated":true}]}}