{"id":355,"date":"2024-11-05T15:35:22","date_gmt":"2024-11-05T14:35:22","guid":{"rendered":"https:\/\/bystrze.org\/?page_id=355"},"modified":"2024-11-05T15:42:56","modified_gmt":"2024-11-05T14:42:56","slug":"salza-szkoleniowa","status":"publish","type":"page","link":"https:\/\/bystrze.org\/index.php\/salza-szkoleniowa\/","title":{"rendered":"SALZA SZKOLENIOWA"},"content":{"rendered":"\n<p class=\"has-text-align-center has-white-color has-text-color has-link-color has-large-font-size wp-elements-21a3e82682768e1d7b0fba030f1b282a\"><strong>SALZA SZKOLENIOWA<\/strong><\/p>\n\n\n\n<p class=\"has-text-align-center\"><br><br>Salza Szkoleniowa to 14cio dniowa przygoda, skierowana do os\u00f3b, kt\u00f3rzy uko\u0144czyli podstawowy kurs kajakarstwa w swoich rodzimych klubach.<\/p>\n\n\n\n<p class=\"has-text-align-center\">To podczas tego wyjazdu nadasz szlif swoim umiej\u0119tno\u015bci\u0105, nauczysz si\u0119 nowych \u2018trik\u00f3w\u2019 oraz spr\u00f3bujesz swoich si\u0142 we freestylu.<\/p>\n\n\n\n<div class=\"wp-block-columns is-layout-flex wp-container-core-columns-is-layout-9d6595d7 wp-block-columns-is-layout-flex\">\n<div class=\"wp-block-column is-layout-flow wp-block-column-is-layout-flow\">\n<figure class=\"wp-block-image size-full\"><img loading=\"lazy\" decoding=\"async\" width=\"550\" height=\"324\" src=\"https:\/\/bystrze.org\/wp-content\/uploads\/2024\/11\/P7132308.jpg\" alt=\"\" class=\"wp-image-360\" srcset=\"https:\/\/bystrze.org\/wp-content\/uploads\/2024\/11\/P7132308.jpg 550w, https:\/\/bystrze.org\/wp-content\/uploads\/2024\/11\/P7132308-300x177.jpg 300w\" sizes=\"auto, (max-width: 550px) 100vw, 550px\" \/><\/figure>\n<\/div>\n\n\n\n<div class=\"wp-block-column is-layout-flow wp-block-column-is-layout-flow\">\n<figure class=\"wp-block-image size-full\"><img loading=\"lazy\" decoding=\"async\" width=\"550\" height=\"324\" src=\"https:\/\/bystrze.org\/wp-content\/uploads\/2024\/11\/P7223325.jpg\" alt=\"\" class=\"wp-image-361\" srcset=\"https:\/\/bystrze.org\/wp-content\/uploads\/2024\/11\/P7223325.jpg 550w, https:\/\/bystrze.org\/wp-content\/uploads\/2024\/11\/P7223325-300x177.jpg 300w\" sizes=\"auto, (max-width: 550px) 100vw, 550px\" \/><\/figure>\n<\/div>\n<\/div>\n\n\n\n<p class=\"has-text-align-center\">B\u0119dzie intensywnie &#8211; schodzimy na wod\u0119 2 razy dziennie! Du\u017co? Ale z jakim progresem!<\/p>\n\n\n\n<p class=\"has-text-align-center\">Podczas codziennych wyk\u0142ad\u00f3w pog\u0142\u0119bisz swoj\u0105 wiedz\u0119 teoretyczn\u0105. Wiele zagadnie\u0144 nie jest poruszanych na pocz\u0105tku przygody z kajakarswem. Jakie\u015b kwestie s\u0105 dla Ciebie nurtuj\u0105ce i nie mo\u017cesz znale\u017a\u0107 na nie odpowiedzi &#8211; nasi instruktorzy na pewno udziel\u0105 wyczerpuj\u0105cych odpowiedzi!<\/p>\n\n\n\n<div class=\"wp-block-columns is-layout-flex wp-container-core-columns-is-layout-9d6595d7 wp-block-columns-is-layout-flex\">\n<div class=\"wp-block-column is-layout-flow wp-block-column-is-layout-flow\">\n<figure class=\"wp-block-image size-full\"><img loading=\"lazy\" decoding=\"async\" width=\"550\" height=\"324\" src=\"https:\/\/bystrze.org\/wp-content\/uploads\/2024\/11\/IMG_20210802_091600_Bokeh.jpg\" alt=\"\" class=\"wp-image-362\" srcset=\"https:\/\/bystrze.org\/wp-content\/uploads\/2024\/11\/IMG_20210802_091600_Bokeh.jpg 550w, https:\/\/bystrze.org\/wp-content\/uploads\/2024\/11\/IMG_20210802_091600_Bokeh-300x177.jpg 300w\" sizes=\"auto, (max-width: 550px) 100vw, 550px\" \/><\/figure>\n<\/div>\n\n\n\n<div class=\"wp-block-column is-layout-flow wp-block-column-is-layout-flow\">\n<figure class=\"wp-block-image size-full\"><img loading=\"lazy\" decoding=\"async\" width=\"550\" height=\"324\" src=\"https:\/\/bystrze.org\/wp-content\/uploads\/2024\/11\/P7132237.jpg\" alt=\"\" class=\"wp-image-366\" srcset=\"https:\/\/bystrze.org\/wp-content\/uploads\/2024\/11\/P7132237.jpg 550w, https:\/\/bystrze.org\/wp-content\/uploads\/2024\/11\/P7132237-300x177.jpg 300w\" sizes=\"auto, (max-width: 550px) 100vw, 550px\" \/><\/figure>\n<\/div>\n<\/div>\n\n\n\n<p class=\"has-text-align-center\">Ju\u017c podczas pierwszych dni poznasz wiele zagadnie\u0144 i technik, kt\u00f3rych nikt nie pokazywa\u0142 na podstawowym kursie! Wiedzia\u0142e\u015b, \u017ce kajakiem da si\u0119 wej\u015b\u0107 ty\u0142em do cofki&#8230; ty\u0142em? Albo jak poprawnie za\u0142o\u017cy\u0107 kontr\u0119 hakow\u0105? Gwarantujemy Ci r\u00f3wnie\u017c, \u017ce w rzucie rzutk\u0105 nie b\u0119dzie Ci r\u00f3wnych (;<\/p>\n\n\n\n<p class=\"has-text-align-center\">Salza Szkoleniowa to r\u00f3wnie\u017c okazja na sp\u0142yw rzek\u0105 od kt\u00f3rej nazw\u0119 wzi\u0105\u0142 nasz ob\u00f3z. To tu znajduje si\u0119 r\u00f3wnie\u017c naturalny tor, na kt\u00f3rym codziennie b\u0119dziemy wsp\u00f3lnie p\u0142ywa\u0107.<\/p>\n\n\n\n<div class=\"wp-block-columns is-layout-flex wp-container-core-columns-is-layout-9d6595d7 wp-block-columns-is-layout-flex\">\n<div class=\"wp-block-column is-layout-flow wp-block-column-is-layout-flow\">\n<figure class=\"wp-block-image size-full\"><img loading=\"lazy\" decoding=\"async\" width=\"550\" height=\"324\" src=\"https:\/\/bystrze.org\/wp-content\/uploads\/2024\/11\/IMG_20210803_144732-1.jpg\" alt=\"\" class=\"wp-image-364\" srcset=\"https:\/\/bystrze.org\/wp-content\/uploads\/2024\/11\/IMG_20210803_144732-1.jpg 550w, https:\/\/bystrze.org\/wp-content\/uploads\/2024\/11\/IMG_20210803_144732-1-300x177.jpg 300w\" sizes=\"auto, (max-width: 550px) 100vw, 550px\" \/><\/figure>\n<\/div>\n\n\n\n<div class=\"wp-block-column is-layout-flow wp-block-column-is-layout-flow\">\n<figure class=\"wp-block-image size-full\"><img loading=\"lazy\" decoding=\"async\" width=\"550\" height=\"324\" src=\"https:\/\/bystrze.org\/wp-content\/uploads\/2024\/11\/DSC_1739-1.jpg\" alt=\"\" class=\"wp-image-365\" srcset=\"https:\/\/bystrze.org\/wp-content\/uploads\/2024\/11\/DSC_1739-1.jpg 550w, https:\/\/bystrze.org\/wp-content\/uploads\/2024\/11\/DSC_1739-1-300x177.jpg 300w\" sizes=\"auto, (max-width: 550px) 100vw, 550px\" \/><\/figure>\n<\/div>\n<\/div>\n\n\n\n<p class=\"has-text-align-center\">Ca\u0142o\u015b\u0107 ko\u0144czy si\u0119 egzaminem teoretycznym i praktycznym.<br><br>Zapisy ruszaj\u0105 z pocz\u0105tkiem roku!<br>W razie pyta\u0144 prosimy o kontakt: salzaszkoleniowa@gmail.com<\/p>\n","protected":false},"excerpt":{"rendered":"<p>SALZA SZKOLENIOWA Salza Szkoleniowa to 14cio dniowa przygoda, skierowana do os\u00f3b, kt\u00f3rzy uko\u0144czyli podstawowy kurs kajakarstwa w swoich rodzimych klubach. To podczas tego wyjazdu nadasz szlif swoim umiej\u0119tno\u015bci\u0105, nauczysz si\u0119 nowych \u2018trik\u00f3w\u2019 oraz spr\u00f3bujesz swoich si\u0142 we freestylu. B\u0119dzie intensywnie<\/p>\n","protected":false},"author":1,"featured_media":0,"parent":0,"menu_order":0,"comment_status":"closed","ping_status":"closed","template":"","meta":{"footnotes":""},"class_list":["post-355","page","type-page","status-publish","hentry"],"_links":{"self":[{"href":"https:\/\/bystrze.org\/index.php\/wp-json\/wp\/v2\/pages\/355","targetHints":{"allow":["GET"]}}],"collection":[{"href":"https:\/\/bystrze.org\/index.php\/wp-json\/wp\/v2\/pages"}],"about":[{"href":"https:\/\/bystrze.org\/index.php\/wp-json\/wp\/v2\/types\/page"}],"author":[{"embeddable":true,"href":"https:\/\/bystrze.org\/index.php\/wp-json\/wp\/v2\/users\/1"}],"replies":[{"embeddable":true,"href":"https:\/\/bystrze.org\/index.php\/wp-json\/wp\/v2\/comments?post=355"}],"version-history":[{"count":7,"href":"https:\/\/bystrze.org\/index.php\/wp-json\/wp\/v2\/pages\/355\/revisions"}],"predecessor-version":[{"id":376,"href":"https:\/\/bystrze.org\/index.php\/wp-json\/wp\/v2\/pages\/355\/revisions\/376"}],"wp:attachment":[{"href":"https:\/\/bystrze.org\/index.php\/wp-json\/wp\/v2\/media?parent=355"}],"curies":[{"name":"wp","href":"https:\/\/api.w.org\/{rel}","templated":true}]}}