{"id":117,"date":"2024-11-02T13:42:28","date_gmt":"2024-11-02T12:42:28","guid":{"rendered":"https:\/\/bystrze.org\/?page_id=117"},"modified":"2024-11-02T13:52:10","modified_gmt":"2024-11-02T12:52:10","slug":"identyfikacja-wizualna","status":"publish","type":"page","link":"https:\/\/bystrze.org\/index.php\/klub\/identyfikacja-wizualna\/","title":{"rendered":"Identyfikacja wizualna"},"content":{"rendered":"\n<p>Na tej stronie mo\u017cna pobra\u0107 logo (w r\u00f3\u017cnych wersjach) oraz inne materia\u0142y cyfrowe zwi\u0105zane z klubem.<\/p>\n\n\n\n<div class=\"wp-block-file\"><a id=\"wp-block-file--media-4b6208e7-edce-4c12-ada7-78564bb5806d\" href=\"https:\/\/bystrze.org\/wp-content\/uploads\/2024\/11\/bystrze-logo-kolor.png\">bystrze-logo-kolor<\/a><a href=\"https:\/\/bystrze.org\/wp-content\/uploads\/2024\/11\/bystrze-logo-kolor.png\" class=\"wp-block-file__button wp-element-button\" download aria-describedby=\"wp-block-file--media-4b6208e7-edce-4c12-ada7-78564bb5806d\">Pobierz<\/a><\/div>\n\n\n\n<div class=\"wp-block-file\"><a id=\"wp-block-file--media-e0b9ea00-cf3f-47e8-b86c-eb8b90105be5\" href=\"https:\/\/bystrze.org\/wp-content\/uploads\/2024\/11\/logo-bystrze-www-kolor.png\">logo-bystrze-www-kolor<\/a><a href=\"https:\/\/bystrze.org\/wp-content\/uploads\/2024\/11\/logo-bystrze-www-kolor.png\" class=\"wp-block-file__button wp-element-button\" download aria-describedby=\"wp-block-file--media-e0b9ea00-cf3f-47e8-b86c-eb8b90105be5\">Pobierz<\/a><\/div>\n\n\n\n<div class=\"wp-block-file\"><a id=\"wp-block-file--media-0ee33ef9-6133-42ed-b55c-b4bc6fef3e3e\" href=\"https:\/\/bystrze.org\/wp-content\/uploads\/2024\/11\/bystrze-logo-czarno-biale.png\">bystrze-logo-czarno-bia\u0142e<\/a><a href=\"https:\/\/bystrze.org\/wp-content\/uploads\/2024\/11\/bystrze-logo-czarno-biale.png\" class=\"wp-block-file__button wp-element-button\" download aria-describedby=\"wp-block-file--media-0ee33ef9-6133-42ed-b55c-b4bc6fef3e3e\">Pobierz<\/a><\/div>\n\n\n\n<div class=\"wp-block-file\"><a id=\"wp-block-file--media-cfb8329a-429a-4994-9060-7be8c5a09abb\" href=\"https:\/\/bystrze.org\/wp-content\/uploads\/2024\/11\/bystrze-logo-czarno-biale-transparent.png\">bystrze-logo-czarno-bia\u0142e-transparent<\/a><a href=\"https:\/\/bystrze.org\/wp-content\/uploads\/2024\/11\/bystrze-logo-czarno-biale-transparent.png\" class=\"wp-block-file__button wp-element-button\" download aria-describedby=\"wp-block-file--media-cfb8329a-429a-4994-9060-7be8c5a09abb\">Pobierz<\/a><\/div>\n\n\n\n<div class=\"wp-block-file\"><a id=\"wp-block-file--media-6fda96f7-9721-4914-845e-9419737b15e8\" href=\"https:\/\/bystrze.org\/wp-content\/uploads\/2024\/11\/napis-bystrze-vintage.png\">napis-bystrze-vintage<\/a><a href=\"https:\/\/bystrze.org\/wp-content\/uploads\/2024\/11\/napis-bystrze-vintage.png\" class=\"wp-block-file__button wp-element-button\" download aria-describedby=\"wp-block-file--media-6fda96f7-9721-4914-845e-9419737b15e8\">Pobierz<\/a><\/div>\n\n\n\n<div class=\"wp-block-file\"><a id=\"wp-block-file--media-2d367e6b-85da-4f8e-b93e-0aa2a6c4d14f\" href=\"https:\/\/bystrze.org\/wp-content\/uploads\/2024\/11\/Bystrze-grafika-wektorowa.zip\">Bystrze-grafika-wektorowa<\/a><a href=\"https:\/\/bystrze.org\/wp-content\/uploads\/2024\/11\/Bystrze-grafika-wektorowa.zip\" class=\"wp-block-file__button wp-element-button\" download aria-describedby=\"wp-block-file--media-2d367e6b-85da-4f8e-b93e-0aa2a6c4d14f\">Pobierz<\/a><\/div>\n\n\n\n<div class=\"wp-block-file\"><a id=\"wp-block-file--media-18318ada-3606-4289-9c1c-8fcca583311b\" href=\"https:\/\/bystrze.org\/wp-content\/uploads\/2024\/11\/baner_Bystrze_100x200-cm.pdf\">baner_Bystrze_100x200-cm<\/a><a href=\"https:\/\/bystrze.org\/wp-content\/uploads\/2024\/11\/baner_Bystrze_100x200-cm.pdf\" class=\"wp-block-file__button wp-element-button\" download aria-describedby=\"wp-block-file--media-18318ada-3606-4289-9c1c-8fcca583311b\">Pobierz<\/a><\/div>\n\n\n\n<div class=\"wp-block-file\"><a id=\"wp-block-file--media-a2ed4dea-8135-42b3-9c50-324c2c31acef\" href=\"https:\/\/bystrze.org\/wp-content\/uploads\/2024\/11\/Szablon-A4.docx\">Szablon-A4<\/a><a href=\"https:\/\/bystrze.org\/wp-content\/uploads\/2024\/11\/Szablon-A4.docx\" class=\"wp-block-file__button wp-element-button\" download aria-describedby=\"wp-block-file--media-a2ed4dea-8135-42b3-9c50-324c2c31acef\">Pobierz<\/a><\/div>\n\n\n\n<div class=\"wp-block-file\"><a id=\"wp-block-file--media-30808e93-ab1a-4670-aff5-723b59333e00\" href=\"https:\/\/bystrze.org\/wp-content\/uploads\/2024\/11\/Prezentacja_Bystrze.pptx\">Prezentacja_Bystrze<\/a><a href=\"https:\/\/bystrze.org\/wp-content\/uploads\/2024\/11\/Prezentacja_Bystrze.pptx\" class=\"wp-block-file__button wp-element-button\" download aria-describedby=\"wp-block-file--media-30808e93-ab1a-4670-aff5-723b59333e00\">Pobierz<\/a><\/div>\n\n\n\n<div class=\"wp-block-file\"><a id=\"wp-block-file--media-e05315cf-0f0f-4a6c-a685-6c078e752198\" href=\"https:\/\/bystrze.org\/wp-content\/uploads\/2024\/11\/Prezentacja_Bystrze.odp\">Prezentacja_Bystrze<\/a><a href=\"https:\/\/bystrze.org\/wp-content\/uploads\/2024\/11\/Prezentacja_Bystrze.odp\" class=\"wp-block-file__button wp-element-button\" download aria-describedby=\"wp-block-file--media-e05315cf-0f0f-4a6c-a685-6c078e752198\">Pobierz<\/a><\/div>\n\n\n\n<div class=\"wp-block-file\"><a id=\"wp-block-file--media-1dd6d2c6-8e52-417a-a54e-d466fbf2581e\" href=\"https:\/\/bystrze.org\/wp-content\/uploads\/2024\/11\/Prezentacja_Bystrze_czarno-biala.pptx\">Prezentacja_Bystrze_czarno-bia\u0142a<\/a><a href=\"https:\/\/bystrze.org\/wp-content\/uploads\/2024\/11\/Prezentacja_Bystrze_czarno-biala.pptx\" class=\"wp-block-file__button wp-element-button\" download aria-describedby=\"wp-block-file--media-1dd6d2c6-8e52-417a-a54e-d466fbf2581e\">Pobierz<\/a><\/div>\n\n\n\n<div class=\"wp-block-file\"><a id=\"wp-block-file--media-a3b9fcd2-663e-4ac9-aba0-9098dc44c992\" href=\"https:\/\/bystrze.org\/wp-content\/uploads\/2024\/11\/Prezentacja_Bystrze_czarno-biala.odp\">Prezentacja_Bystrze_czarno-bia\u0142a<\/a><a href=\"https:\/\/bystrze.org\/wp-content\/uploads\/2024\/11\/Prezentacja_Bystrze_czarno-biala.odp\" class=\"wp-block-file__button wp-element-button\" download aria-describedby=\"wp-block-file--media-a3b9fcd2-663e-4ac9-aba0-9098dc44c992\">Pobierz<\/a><\/div>\n","protected":false},"excerpt":{"rendered":"<p>Na tej stronie mo\u017cna pobra\u0107 logo (w r\u00f3\u017cnych wersjach) oraz inne materia\u0142y cyfrowe zwi\u0105zane z klubem.<\/p>\n","protected":false},"author":1,"featured_media":0,"parent":39,"menu_order":0,"comment_status":"closed","ping_status":"closed","template":"","meta":{"footnotes":""},"class_list":["post-117","page","type-page","status-publish","hentry"],"_links":{"self":[{"href":"https:\/\/bystrze.org\/index.php\/wp-json\/wp\/v2\/pages\/117","targetHints":{"allow":["GET"]}}],"collection":[{"href":"https:\/\/bystrze.org\/index.php\/wp-json\/wp\/v2\/pages"}],"about":[{"href":"https:\/\/bystrze.org\/index.php\/wp-json\/wp\/v2\/types\/page"}],"author":[{"embeddable":true,"href":"https:\/\/bystrze.org\/index.php\/wp-json\/wp\/v2\/users\/1"}],"replies":[{"embeddable":true,"href":"https:\/\/bystrze.org\/index.php\/wp-json\/wp\/v2\/comments?post=117"}],"version-history":[{"count":2,"href":"https:\/\/bystrze.org\/index.php\/wp-json\/wp\/v2\/pages\/117\/revisions"}],"predecessor-version":[{"id":133,"href":"https:\/\/bystrze.org\/index.php\/wp-json\/wp\/v2\/pages\/117\/revisions\/133"}],"up":[{"embeddable":true,"href":"https:\/\/bystrze.org\/index.php\/wp-json\/wp\/v2\/pages\/39"}],"wp:attachment":[{"href":"https:\/\/bystrze.org\/index.php\/wp-json\/wp\/v2\/media?parent=117"}],"curies":[{"name":"wp","href":"https:\/\/api.w.org\/{rel}","templated":true}]}}