{"id":115,"date":"2024-11-02T11:59:56","date_gmt":"2024-11-02T10:59:56","guid":{"rendered":"https:\/\/bystrze.org\/?page_id=115"},"modified":"2024-11-02T13:53:41","modified_gmt":"2024-11-02T12:53:41","slug":"statut","status":"publish","type":"page","link":"https:\/\/bystrze.org\/index.php\/klub\/statut\/","title":{"rendered":"Statut"},"content":{"rendered":"\n<h1 class=\"wp-block-heading\">Statut klubu AKTK Bystrze<\/h1>\n\n\n\n<h2 class=\"wp-block-heading\">Rozdzia\u0142 I<\/h2>\n\n\n\n<p>Postanowienia og\u00f3lne<\/p>\n\n\n\n<h3 class=\"wp-block-heading\">\u00a7 1<\/h3>\n\n\n\n<p>Stowarzyszenie nosi nazw\u0119 Akademicki Klub Turystyki Kajakowej \u201cBYSTRZE\u201d zwane dalej Klubem.<\/p>\n\n\n\n<h3 class=\"wp-block-heading\">\u00a7 2<\/h3>\n\n\n\n<ol class=\"wp-block-list\">\n<li>Klub jest stowarzyszeniem zarejestrowanym i posiada osobowo\u015b\u0107 prawn\u0105.<\/li>\n\n\n\n<li>Klub ma prawo u\u017cywania odznak i piecz\u0119ci zgodnie z w\u0142a\u015bciwymi przepisami.<\/li>\n<\/ol>\n\n\n\n<h3 class=\"wp-block-heading\">\u00a7 3<\/h3>\n\n\n\n<ol class=\"wp-block-list\">\n<li>Siedzib\u0105 Klubu jest Krak\u00f3w.<\/li>\n\n\n\n<li>Klub dzia\u0142a na terytorium Rzeczpospolitej Polskiej i poza jej granicami.<\/li>\n\n\n\n<li>Czas trwania Stowarzyszenia jest nieograniczony.<\/li>\n<\/ol>\n\n\n\n<h3 class=\"wp-block-heading\">\u00a7 4<\/h3>\n\n\n\n<p>AKTK \u201cBYSTRZE\u201d&nbsp;jest Klubem dzia\u0142aj\u0105cym w \u015brodowisku akademickim Krakowa.<\/p>\n\n\n\n<h3 class=\"wp-block-heading\">\u00a7 5<\/h3>\n\n\n\n<p>Klub opiera swoj\u0105 dzia\u0142alno\u015b\u0107 na pracy spo\u0142ecznej cz\u0142onk\u00f3w Klubu. Wyj\u0105tek mog\u0105 stanowi\u0107 pracownicy powo\u0142ani przez Zarz\u0105d.<\/p>\n\n\n\n<h2 class=\"wp-block-heading\">Rozdzia\u0142 II<\/h2>\n\n\n\n<p>Cele i sposoby realizacji<\/p>\n\n\n\n<h3 class=\"wp-block-heading\">\u00a7 6<\/h3>\n\n\n\n<p>Celem Klubu jest:<\/p>\n\n\n\n<ol class=\"wp-block-list\">\n<li>Organizowanie r\u00f3\u017cnorodnych form turystyki kajakowej.<\/li>\n\n\n\n<li>Integracja \u015brodowiska akademickiego.<\/li>\n\n\n\n<li>Popularyzacja w \u015brodowisku akademickim turystyki i kultury fizycznej jako formy aktywnego wypoczynku.<\/li>\n\n\n\n<li>Sta\u0142e podnoszenie kwalifikacji w zakresie kajakarstwa i turystyki.<\/li>\n\n\n\n<li>Aktywna dzia\u0142alno\u015b\u0107 w zakresie ochrony \u015brodowiska.<\/li>\n<\/ol>\n\n\n\n<h3 class=\"wp-block-heading\">\u00a7 7<\/h3>\n\n\n\n<p>Klub realizuje swoje cele przez:<\/p>\n\n\n\n<ol class=\"wp-block-list\">\n<li>Organizowanie imprez turystycznych, kulturalnych i o\u015bwiatowych, prelekcji, wystaw, pokaz\u00f3w filmowych, odczyt\u00f3w.<\/li>\n\n\n\n<li>Prowadzenie szkole\u0144 z zakresu turystyki kwalifikowanej, sportu i kultury fizycznej.<\/li>\n\n\n\n<li>Wsp\u00f3\u0142prac\u0119 z wy\u017cszymi uczelniami, instytucjami pa\u0144stwowymi, prywatnymi organizacjami spo\u0142ecznymi.<\/li>\n\n\n\n<li>Prowadzenia bie\u017c\u0105cej informacji o imprezach z zakresu kultury fizycznej i turystyki.<\/li>\n<\/ol>\n\n\n\n<h2 class=\"wp-block-heading\">Rozdzia\u0142 III<\/h2>\n\n\n\n<p>Cz\u0142onkowie Klubu i ich prawa<\/p>\n\n\n\n<h3 class=\"wp-block-heading\">\u00a7 8<\/h3>\n\n\n\n<p>Cz\u0142onkowie Stowarzyszenie dziel\u0105 si\u0119 na:<\/p>\n\n\n\n<ol class=\"wp-block-list\">\n<li>Cz\u0142onk\u00f3w zwyk\u0142ych- zwyk\u0142ymi cz\u0142onkami Klubu mog\u0105 by\u0107 obywatele polscy oraz cudzoziemcy niezale\u017cnie od ich miejsca zamieszkania.\n<ol class=\"wp-block-list\">\n<li>posiadaj\u0105cych odznaczenie klubowe.<\/li>\n\n\n\n<li>nie posiadaj\u0105cych odznaczenia klubowego.<\/li>\n<\/ol>\n<\/li>\n\n\n\n<li>Cz\u0142onk\u00f3w wspieraj\u0105cych- cz\u0142onkami wspieraj\u0105cymi mog\u0105 by\u0107 zar\u00f3wno osoby prawne jak i osoby fizyczne zainteresowane dzia\u0142alno\u015bci\u0105 klubu. Osoba prawna dzia\u0142a w Stowarzyszeniu przez swojego przedstawiciela.<\/li>\n\n\n\n<li>Cz\u0142onk\u00f3w honorowych- cz\u0142onkami honorowymi s\u0105 osoby, kt\u00f3re po\u0142o\u017cy\u0142y wybitne zas\u0142ugi dla klubu.<\/li>\n<\/ol>\n\n\n\n<h3 class=\"wp-block-heading\">\u00a7 9<\/h3>\n\n\n\n<p>Cz\u0142onkostwo Klubu nabywa si\u0119 z chwil\u0105 przyj\u0119cia w poczet cz\u0142onk\u00f3w uchwa\u0142\u0105 Zarz\u0105du Klubu na podstawie pisemnej deklaracji:<\/p>\n\n\n\n<ol class=\"wp-block-list\">\n<li>Osoby wst\u0119puj\u0105ce do Klubu lub zainteresowane dzia\u0142alno\u015bci\u0105 Klubu po op\u0142aceniu wpisowego i sk\u0142adki cz\u0142onkowskiej otrzymuj\u0105 status cz\u0142onka wspieraj\u0105cego.<\/li>\n\n\n\n<li>Osoby, kt\u00f3re uko\u0144czy\u0142y kurs kajakarstwa organizowany przez\u00a0AKTK BYSTRZE\u00a0lub otrzyma\u0142y pisemn\u0105 rekomendacj\u0119 Zarz\u0105du i Komisji Rewizyjnej otrzymuj\u0105 status cz\u0142onka zwyk\u0142ego.<br>Cz\u0142onek zwyk\u0142y po spe\u0142nieniu warunk\u00f3w okre\u015blonych przez Zarz\u0105d i Komisj\u0119 Rewizyjn\u0105 na podstawie uchwa\u0142y Zarz\u0105du otrzymuje odznaczenie klubowe.<\/li>\n\n\n\n<li>Osoby, kt\u00f3re po\u0142o\u017c\u0105 znaczne zas\u0142ugi na rzecz Klubu lub na rzecz dzia\u0142alno\u015bci statutowej otrzymuj\u0105 status cz\u0142onka honorowego.<\/li>\n<\/ol>\n\n\n\n<h3 class=\"wp-block-heading\">\u00a7 10<\/h3>\n\n\n\n<p>Cz\u0142onkostwo Klubu wygasa:<\/p>\n\n\n\n<ol class=\"wp-block-list\">\n<li>Wraz z jego rozwi\u0105zaniem.<\/li>\n\n\n\n<li>Wraz z up\u0142ywem 12 miesi\u0119cy od zaprzestania aktywnej dzia\u0142alno\u015bci w pracach Klubu i wskutek nieop\u0142acenia sk\u0142adek przez okres d\u0142u\u017cszy ni\u017c 2 semestry, co winien stwierdzi\u0107 Zarz\u0105d Klubu w drodze g\u0142osowania.<\/li>\n\n\n\n<li>Po wykluczeniu z klubu wskutek uchwa\u0142y Zarz\u0105du.<\/li>\n\n\n\n<li>W innych szczeg\u00f3lnych wypadkach decyzj\u0105 Zarz\u0105du na wniosek Komisji Rewizyjnej Klubu lub decyzj\u0105 Walnego Zebrania.<\/li>\n<\/ol>\n\n\n\n<h3 class=\"wp-block-heading\">\u00a7 11<\/h3>\n\n\n\n<ol class=\"wp-block-list\">\n<li>Zwyk\u0142y cz\u0142onek klubu ma bierne i czynne prawo wyborcze do w\u0142adz Klubu z zastrze\u017ceniem \u00a7 17 oraz prawo do brania udzia\u0142u w bie\u017c\u0105cej dzia\u0142alno\u015bci Klubu.<\/li>\n\n\n\n<li>Cz\u0142onek wspieraj\u0105cy uczestniczy w pracach Klubu z g\u0142osem doradczym.<\/li>\n\n\n\n<li>Cz\u0142onek honorowy zachowuje swoje wszelkie prawa statutowe, jakie posiada\u0142 w momencie nadania mu cz\u0142onkostwa honorowego, oraz zostaje zwolniony z obowi\u0105zku p\u0142acenia sk\u0142adek cz\u0142onkowskich.<\/li>\n\n\n\n<li>Cz\u0142onkowi przys\u0142uguje prawo posiadania legitymacji cz\u0142onkowskiej.<\/li>\n<\/ol>\n\n\n\n<h3 class=\"wp-block-heading\">\u00a7 12<\/h3>\n\n\n\n<ol class=\"wp-block-list\">\n<li>Cz\u0142onkowie Klubu maj\u0105 obowi\u0105zek:\n<ol class=\"wp-block-list\">\n<li>aktywnie uczestniczy\u0107 w kszta\u0142towaniu oraz realizacji programu Klubu.<\/li>\n\n\n\n<li>stale podnosi\u0107 swoje kwalifikacje turystyczne, szczeg\u00f3lnie w zakresie turystyki kajakowej.<\/li>\n\n\n\n<li>dba\u0107 o sprz\u0119t.<\/li>\n\n\n\n<li>przestrzega\u0107 etyki, dyscypliny i przyj\u0119tych w turystyce kajakowej zwyczaj\u00f3w.<\/li>\n\n\n\n<li>uiszcza\u0107 sk\u0142adki w wysoko\u015bci i cz\u0119stotliwo\u015bci ustalonej przez Zarz\u0105d, nie p\u00f3\u017aniej ni\u017c w terminie Walnego Zebrania. Nieuiszczenie bie\u017c\u0105cej sk\u0142adki cz\u0142onkowskiej powoduje zawieszenie czynnego i biernego prawa wyborczego.<\/li>\n<\/ol>\n<\/li>\n\n\n\n<li>Za nie wywi\u0105zywanie si\u0119 ze swoich obowi\u0105zk\u00f3w cz\u0142onek mo\u017ce zosta\u0107 zawieszony lub usuni\u0119ty ze Stowarzyszenia.<\/li>\n\n\n\n<li>Zawieszenie w prawach cz\u0142onka nast\u0119puje wskutek uchwa\u0142y Zarz\u0105du.<\/li>\n<\/ol>\n\n\n\n<h2 class=\"wp-block-heading\">Rozdzia\u0142 IV<\/h2>\n\n\n\n<p>W\u0142adze klubu<\/p>\n\n\n\n<h3 class=\"wp-block-heading\">\u00a7 13<\/h3>\n\n\n\n<p>Wladzami klubu s\u0105<\/p>\n\n\n\n<ol class=\"wp-block-list\">\n<li>Walne zebranie.<\/li>\n\n\n\n<li>Zarz\u0105d klubu.<\/li>\n\n\n\n<li>Komisja Rewizyjna.<\/li>\n<\/ol>\n\n\n\n<h3 class=\"wp-block-heading\">\u00a7 14<\/h3>\n\n\n\n<ol class=\"wp-block-list\">\n<li>Najwy\u017csz\u0105 w\u0142adz\u0105 Stowarzyszenia jest zebranie cz\u0142onk\u00f3w Stowarzyszenia zwane dalej Walnym Zebraniem.Do zada\u0144 Walnego Zebrania nale\u017cy w szczeg\u00f3lno\u015bci:\n<ol class=\"wp-block-list\">\n<li>uchwalenie i zmiana statutu Stowarzyszenia.<\/li>\n\n\n\n<li>udzielenie absolutorium ust\u0119puj\u0105cym w\u0142adzom wykonawczym Stowarzyszenia.<\/li>\n\n\n\n<li>uchwalenie programu i regulaminu wewn\u0119trznego Stowarzyszenia.<\/li>\n\n\n\n<li>wyb\u00f3r Zarz\u0105du Stowarzyszenia z zastrze\u017ceniem \u00a7 17 i Komisji Rewizyjnej.<\/li>\n\n\n\n<li>ustalanie strategicznych za\u0142o\u017ce\u0144 programowych dzia\u0142alno\u015bci Stowarzyszenia.<\/li>\n\n\n\n<li>rozpatrywanie wniosk\u00f3w, skarg i odwo\u0142a\u0144 cz\u0142onk\u00f3w Stowarzyszenia.<\/li>\n\n\n\n<li>rozwi\u0105zanie Stowarzyszenia.<\/li>\n<\/ol>\n<\/li>\n\n\n\n<li>Walne Zebranie zwo\u0142ywane jest na wniosek Zarz\u0105du Klubu, 1\/3 cz\u0142onk\u00f3w klubu lub Komisji Rewizyjnej Klubu.<\/li>\n\n\n\n<li>Termin i porz\u0105dek Walnego Zebrania nale\u017cy poda\u0107 co najmniej 14 dni przed Zebraniem.<\/li>\n<\/ol>\n\n\n\n<h3 class=\"wp-block-heading\">\u00a7 15<\/h3>\n\n\n\n<ol class=\"wp-block-list\">\n<li>Podj\u0119cie uchwa\u0142y o przyj\u0119ciu lub zmianie statutu, o przyst\u0105pieniu do zwi\u0105zku Stowarzysze\u0144 lub wyst\u0105pienia z takiego zwi\u0105zku oraz o rozwi\u0105zaniu Stowarzyszenia wymaga wi\u0119kszo\u015bci 2\/3 g\u0142os\u00f3w cz\u0142onk\u00f3w zwyk\u0142ych stowarzyszenia obecnych na posiedzeniu.<\/li>\n\n\n\n<li>Pozosta\u0142e uchwa\u0142y Walnego Zebrania cz\u0142onk\u00f3w wymagaj\u0105 dla swej wa\u017cno\u015bci zwyk\u0142ej wi\u0119kszo\u015bci g\u0142os\u00f3w obecnych na posiedzeniu.<\/li>\n<\/ol>\n\n\n\n<h3 class=\"wp-block-heading\">\u00a7 16<\/h3>\n\n\n\n<ol class=\"wp-block-list\">\n<li>Organem wykonawczym Stowarzyszenia jest Zarz\u0105d, kt\u00f3ry sk\u0142ada si\u0119 z 3 os\u00f3b oraz Prezesa Zarz\u0105du. Zarz\u0105d konstytuuje si\u0119 na swoim pierwszym posiedzeniu.<\/li>\n\n\n\n<li>Prezesa Zarz\u0105du oraz pozosta\u0142ych cz\u0142onk\u00f3w Zarz\u0105du powo\u0142uje Walne Zebranie cz\u0142onk\u00f3w zwyk\u0142\u0105 wi\u0119kszo\u015bci g\u0142os\u00f3w z zastrze\u017ceniem \u00a7 17, w g\u0142osowaniu tajnym.<\/li>\n\n\n\n<li>Zarz\u0105d powo\u0142ywany jest na okres 1 roku.<\/li>\n<\/ol>\n\n\n\n<h3 class=\"wp-block-heading\">\u00a7 17<\/h3>\n\n\n\n<p>Czynne i bierne prawo wyborcze na stanowisko Prezesa Zarz\u0105du przys\u0142uguje wy\u0142\u0105cznie cz\u0142onkom zwyk\u0142ym posiadaj\u0105cym odznaczenie klubowe.<\/p>\n\n\n\n<h3 class=\"wp-block-heading\">\u00a7 18<\/h3>\n\n\n\n<ol class=\"wp-block-list\">\n<li>Do zada\u0144 Zarz\u0105du Klubu w szczeg\u00f3lno\u015bci nale\u017cy:\n<ol class=\"wp-block-list\">\n<li>nadz\u00f3r nad wykonywaniem uchwa\u0142 walnego Zebrania.<\/li>\n\n\n\n<li>ustalenie plan\u00f3w pracy Stowarzyszenia.<\/li>\n\n\n\n<li>reprezentacja Stowarzyszenia na zewn\u0105trz.<\/li>\n\n\n\n<li>zawieszenie w prawach cz\u0142onka stowarzyszenia.<\/li>\n\n\n\n<li>podejmowanie uchwa\u0142 w sprawie nadawania odznacze\u0144 klubowych.<\/li>\n\n\n\n<li>przeprowadzenie weryfikacji na obozy szkoleniowe i klubowe.<\/li>\n\n\n\n<li>kierowanie gospodark\u0105 finansow\u0105 Stowarzyszenia.<\/li>\n\n\n\n<li>nadz\u00f3r nad prawid\u0142ow\u0105 eksploatacj\u0105 sprz\u0119tu.<\/li>\n\n\n\n<li>sporz\u0105dzanie kwartalnych sprawozda\u0144 finansowych dla Komisji Rewizyjnej.<\/li>\n<\/ol>\n<\/li>\n\n\n\n<li>Zebrania Zarz\u0105du odbywaj\u0105 si\u0119 w zale\u017cno\u015bci od potrzeb, nie rzadziej jednak ni\u017c raz na dwa tygodnie.<\/li>\n\n\n\n<li>Cz\u0142onkowie zarz\u0105du pe\u0142ni\u0105 swoj\u0105 funkcj\u0119 spo\u0142ecznie.<\/li>\n\n\n\n<li>W przypadku ust\u0105pienia lub wykluczenia kt\u00f3regokolwiek z cz\u0142onk\u00f3w Zarz\u0105du, z wyj\u0105tkiem Prezesa, Zarz\u0105d mo\u017ce uzupe\u0142ni\u0107 w trakcie trwania kadencji sw\u00f3j sk\u0142ad, nie wi\u0119cej jednak ni\u017c po\u0142ow\u0119 pierwotnego sk\u0142adu.<\/li>\n<\/ol>\n\n\n\n<h3 class=\"wp-block-heading\">\u00a7 19<\/h3>\n\n\n\n<ol class=\"wp-block-list\">\n<li>Organem kontrolnym Stowarzyszenia jest Komisja Rewizyjna, powo\u0142ywane przez Walne Zebranie cz\u0142onk\u00f3w zwyk\u0142\u0105 wi\u0119kszo\u015bci\u0105 g\u0142os\u00f3w, na okres 2 lat, w g\u0142osowaniu tajnym.<\/li>\n\n\n\n<li>Komisja Rewizyjna sk\u0142ada si\u0119 z trzech do pi\u0119ciu os\u00f3b, wybieranych spo\u015br\u00f3d cz\u0142onk\u00f3w zwyk\u0142ych Stowarzyszenia. Komisja wybiera przewodnicz\u0105cego z w\u0142asnego grona.<\/li>\n\n\n\n<li>W przypadku ust\u0105pienia lub wykluczenia kt\u00f3regokolwiek z cz\u0142onk\u00f3w Komisji Rewizyjnej, Komisja Rewizyjna mo\u017ce uzupe\u0142ni\u0107 w trakcie trwania kadencji sw\u00f3j sk\u0142ad, nie wi\u0119cej jednak ni\u017c po\u0142ow\u0119 pierwotnego sk\u0142adu.<\/li>\n\n\n\n<li>Komisja Rewizyjna sprawuje w szczeg\u00f3lno\u015bci kontrol\u0119 w zakresie:\n<ol class=\"wp-block-list\">\n<li>przestrzegania przez cz\u0142onk\u00f3w i w\u0142adze Stowarzyszenia przepis\u00f3w organizacyjnych i postanowie\u0144 niniejszego statutu.<\/li>\n\n\n\n<li>realizacji programu Stowarzyszenia.<\/li>\n\n\n\n<li>dzia\u0142alno\u015bci gospodarczo- finansowej i maj\u0105tkowej Stowarzyszenia.<\/li>\n\n\n\n<li>prawid\u0142owo\u015bci przeprowadzonych weryfikacji.<\/li>\n<\/ol>\n<\/li>\n\n\n\n<li>W przypadku odwo\u0142ania od decyzji Zarz\u0105du w sprawie weryfikacji Komisja Rewizyjna wraz z Zarz\u0105dem przeprowadza ponown\u0105 weryfikacj\u0119. W przypadku r\u00f3wnej ilo\u015bci g\u0142os\u00f3w g\u0142os Prezesa jest decyduj\u0105cy.<\/li>\n\n\n\n<li>Od decyzji Komisji Rewizyjnej i Zarz\u0105du przys\u0142uguje odwo\u0142anie do Walnego Zgromadzenia.<\/li>\n<\/ol>\n\n\n\n<h2 class=\"wp-block-heading\">Rozdzia\u0142 V<\/h2>\n\n\n\n<p>Maj\u0105tek i Fundusze Klubu<\/p>\n\n\n\n<h3 class=\"wp-block-heading\">\u00a7 20<\/h3>\n\n\n\n<p>Maj\u0105tek Klubu stanowi\u0105 nieruchomo\u015bci, ruchomo\u015bci i fundusze.<\/p>\n\n\n\n<h3 class=\"wp-block-heading\">\u00a7 21<\/h3>\n\n\n\n<p>Na fundusze Stowarzyszenia sk\u0142adaj\u0105 si\u0119:<\/p>\n\n\n\n<ol class=\"wp-block-list\">\n<li>Dotacje, darowizny, spadki, zapisy.<\/li>\n\n\n\n<li>Sk\u0142adki cz\u0142onkowskie.<\/li>\n\n\n\n<li>Wp\u0142ywy z dzia\u0142alno\u015bci statutowej.<\/li>\n\n\n\n<li>Wp\u0142ywy z dzia\u0142alno\u015bci gospodarczej, dochody z dzia\u0142alno\u015bci gospodarczej Stowarzyszenia mog\u0105 s\u0142u\u017cy\u0107 wy\u0142\u0105cznie realizacji cel\u00f3w statutowych. Przedmiotem dzia\u0142alno\u015bci gospodarczej Stowarzyszenia mo\u017ce by\u0107:\n<ol class=\"wp-block-list\">\n<li>Organizacja szkole\u0144 instruktor\u00f3w kajakarstwa, raftingu, i kanioningu, oraz szczeg\u00f3\u0142owych szkole\u0144 w zakresie: ratownictwa na rzekach g\u00f3rskich, p\u0142ywania kajakiem i raftem oraz technik asekuracji (pozycja 80.42.Z wg Polskiej Klasyfikacji Dzia\u0142alno\u015bci).<\/li>\n\n\n\n<li>Dzia\u0142alno\u015b\u0107 wydawnicz\u0105 i produkcj\u0119 film\u00f3w (pozycja 92.31.G, 92.11.Z, 92.12.Z wg Polskiej Klasyfikacji Dzia\u0142alno\u015bci).<\/li>\n\n\n\n<li>Sprzeda\u017c materia\u0142\u00f3w reklamowych (pozycja 52.63.Z wg Polskiej Klasyfikacji Dzia\u0142alno\u015bci)<\/li>\n\n\n\n<li>Organizacj\u0119 sp\u0142yw\u00f3w i innych imprez wodniackich (pozycje 92.62.Z i 92 .72.Z wg Polskiej Klasyfikacji Dzia\u0142alno\u015bci).<\/li>\n\n\n\n<li>Organizacj\u0119 innych imprez kulturalnych, dydaktycznych, turystycznych i sportowych (pozycje 91.33.Z, 92.62.Z i 92.72.Z wg Polskiej Klasyfikacji Dzia\u0142alno\u015bci).<\/li>\n<\/ol>\n<\/li>\n<\/ol>\n\n\n\n<h3 class=\"wp-block-heading\">\u00a7 22<\/h3>\n\n\n\n<ol class=\"wp-block-list\">\n<li>O\u015bwiadczenie w z zakresie praw i obowi\u0105zk\u00f3w maj\u0105tkowych Stowarzyszenia sk\u0142adaj\u0105 \u0142\u0105cznie Prezes i V-ce Prezes do spraw Organizacyjnych lub \u0142\u0105cznie inne dwie osoby upowa\u017cnione przez Zarz\u0105d.<\/li>\n\n\n\n<li>Wszystkie postanowienia Zarz\u0105du Stowarzyszenia zmierzaj\u0105ce do uszczuplenia jego maj\u0105tku wymagaj\u0105 zgody przewodnicz\u0105cego Komisji Rewizyjnej.<\/li>\n<\/ol>\n\n\n\n<h2 class=\"wp-block-heading\">Rozdzia\u0142 VI<\/h2>\n\n\n\n<p>Rozwi\u0105zanie stowarzyszenia<\/p>\n\n\n\n<h3 class=\"wp-block-heading\">\u00a7 23<\/h3>\n\n\n\n<ol class=\"wp-block-list\">\n<li>Stowarzyszenie mo\u017ce zosta\u0107 rozwi\u0105zane uchwa\u0142\u0105 Walnego Zebrania wi\u0119kszo\u015bci\u0105 2\/3 g\u0142os\u00f3w cz\u0142onk\u00f3w zwyk\u0142ych obecnych na posiedzeniu.<\/li>\n\n\n\n<li>Uchwa\u0142a taka mo\u017ce zosta\u0107 podj\u0119ta tylko wtedy, gdy jej projekt by\u0142 rozes\u0142any wraz z powiadomieniem o walnym Zebraniu.<\/li>\n\n\n\n<li>Walne Zebranie podejmuje uchwa\u0142\u0119, co do przeznaczenia maj\u0105tku zlikwidowanego Stowarzyszenia.<\/li>\n<\/ol>\n\n\n\n<h2 class=\"wp-block-heading\">Rozdzia\u0142 VII<\/h2>\n\n\n\n<p>Postanowienia ko\u0144cowe<\/p>\n\n\n\n<h3 class=\"wp-block-heading\">\u00a7 24<\/h3>\n\n\n\n<p>Klub nale\u017cy do&nbsp;PTTK&nbsp;oraz jest zrzeszony w&nbsp;PZK-aj.<\/p>\n\n\n\n<h3 class=\"wp-block-heading\">\u00a7 25<\/h3>\n\n\n\n<p>Spos\u00f3b przeprowadzenia Walnego Zebrania i wybor\u00f3w reguluje odr\u0119bna ordynacja.<\/p>\n","protected":false},"excerpt":{"rendered":"<p>Statut klubu AKTK Bystrze Rozdzia\u0142 I Postanowienia og\u00f3lne \u00a7 1 Stowarzyszenie nosi nazw\u0119 Akademicki Klub Turystyki Kajakowej \u201cBYSTRZE\u201d zwane dalej Klubem. \u00a7 2 \u00a7 3 \u00a7 4 AKTK \u201cBYSTRZE\u201d&nbsp;jest Klubem dzia\u0142aj\u0105cym w \u015brodowisku akademickim Krakowa. \u00a7 5 Klub opiera swoj\u0105<\/p>\n","protected":false},"author":1,"featured_media":0,"parent":39,"menu_order":0,"comment_status":"closed","ping_status":"closed","template":"","meta":{"footnotes":""},"class_list":["post-115","page","type-page","status-publish","hentry"],"_links":{"self":[{"href":"https:\/\/bystrze.org\/index.php\/wp-json\/wp\/v2\/pages\/115","targetHints":{"allow":["GET"]}}],"collection":[{"href":"https:\/\/bystrze.org\/index.php\/wp-json\/wp\/v2\/pages"}],"about":[{"href":"https:\/\/bystrze.org\/index.php\/wp-json\/wp\/v2\/types\/page"}],"author":[{"embeddable":true,"href":"https:\/\/bystrze.org\/index.php\/wp-json\/wp\/v2\/users\/1"}],"replies":[{"embeddable":true,"href":"https:\/\/bystrze.org\/index.php\/wp-json\/wp\/v2\/comments?post=115"}],"version-history":[{"count":1,"href":"https:\/\/bystrze.org\/index.php\/wp-json\/wp\/v2\/pages\/115\/revisions"}],"predecessor-version":[{"id":116,"href":"https:\/\/bystrze.org\/index.php\/wp-json\/wp\/v2\/pages\/115\/revisions\/116"}],"up":[{"embeddable":true,"href":"https:\/\/bystrze.org\/index.php\/wp-json\/wp\/v2\/pages\/39"}],"wp:attachment":[{"href":"https:\/\/bystrze.org\/index.php\/wp-json\/wp\/v2\/media?parent=115"}],"curies":[{"name":"wp","href":"https:\/\/api.w.org\/{rel}","templated":true}]}}